{"id":4740,"date":"2026-03-23T04:28:53","date_gmt":"2026-03-23T04:28:53","guid":{"rendered":"https:\/\/dalafarm.vn\/product\/cai-be-trang-500g\/"},"modified":"2026-03-29T12:46:34","modified_gmt":"2026-03-29T12:46:34","slug":"cai-be-trang-500g","status":"publish","type":"product","link":"https:\/\/dalafarm.vn\/en\/product\/cai-be-trang-500g\/","title":{"rendered":"C\u1ea3i b\u1eb9 tr\u1eafng 500g"},"content":{"rendered":"<p><strong>C\u00f4ng d\u1ee5ng:<\/strong> Th\u00e0nh ph\u1ea7n dinh d\u01b0\u1ee1ng trong 100g rau c\u1ea3i b\u1eb9 tr\u1eafng \u0103n \u0111\u01b0\u1ee3c trong \u0111\u00f3 c\u00f3 n\u01b0\u1edbc 92%, \u0111\u1ea1m 1,5%, ch\u1ea5t b\u00e9o 0,0%, ch\u1ea5t b\u1ed9t 1,5%, ch\u1ea5t x\u01a1 1,5%, ch\u1eefa nhi\u1ec1u vitamin kh\u00e1c.<\/p>\n<p>C\u1ea3i b\u1eb9 tr\u1eafng l\u00e0 lo\u1ea1i rau \u0111\u01b0\u1ee3c nhi\u1ec1u ng\u01b0\u1eddi s\u1eed d\u1ee5ng, c\u00f3 v\u1ecb cay t\u00ednh m\u00e1t, thanh ph\u1ec1, ti\u00eau \u0111\u00e0m nh\u1eefng ng\u01b0\u1eddi ho khan, b\u1ee5ng \u0111\u1ea7y ch\u1eadm ti\u00eau do t\u1ef3, ph\u1ebf nhi\u1ec7t d\u00f9ng \u0111\u1ec1u t\u1ed1t.<\/p>\n<p><strong>G\u1ee3i \u00fd s\u1eed d\u1ee5ng:<\/strong> C\u00f3 th\u1ec3 lu\u1ed9c, x\u00e0o hay n\u1ea5u canh c\u00f9ng m\u1ecdc heo, th\u1ecbt xay, c\u00e1 th\u00e1c l\u00e1c&#8230;<\/p>\n","protected":false},"excerpt":{"rendered":"<p>C\u00f4ng d\u1ee5ng: Th\u00e0nh ph\u1ea7n dinh d\u01b0\u1ee1ng trong 100g rau c\u1ea3i b\u1eb9 tr\u1eafng \u0103n \u0111\u01b0\u1ee3c trong \u0111\u00f3 c\u00f3 n\u01b0\u1edbc 92%, \u0111\u1ea1m<\/p>\n","protected":false},"featured_media":4739,"comment_status":"open","ping_status":"closed","template":"","meta":[],"product_brand":[],"product_cat":[101],"product_tag":[],"class_list":{"0":"post-4740","1":"product","2":"type-product","3":"status-publish","4":"has-post-thumbnail","6":"product_cat-vegetables","8":"first","9":"instock","10":"shipping-taxable","11":"purchasable","12":"product-type-simple"},"yoast_head":"<!-- This site is optimized with the Yoast SEO Premium plugin v25.7.1 (Yoast SEO v25.7) - https:\/\/yoast.com\/wordpress\/plugins\/seo\/ -->\n<title>C\u1ea3i b\u1eb9 tr\u1eafng 500g - Rau c\u1ee7 \u0110\u00e0 L\u1ea1t cao c\u1ea5p | Dala Farm - Zero Carbon Farming<\/title>\n<meta name=\"robots\" content=\"index, follow, max-snippet:-1, max-image-preview:large, max-video-preview:-1\" \/>\n<link rel=\"canonical\" href=\"https:\/\/dalafarm.vn\/en\/product\/cai-be-trang-500g\/\" \/>\n<meta property=\"og:locale\" content=\"en_US\" \/>\n<meta property=\"og:type\" content=\"article\" \/>\n<meta property=\"og:title\" content=\"C\u1ea3i b\u1eb9 tr\u1eafng 500g\" \/>\n<meta property=\"og:description\" content=\"C\u00f4ng d\u1ee5ng: Th\u00e0nh ph\u1ea7n dinh d\u01b0\u1ee1ng trong 100g rau c\u1ea3i b\u1eb9 tr\u1eafng \u0103n \u0111\u01b0\u1ee3c trong \u0111\u00f3 c\u00f3 n\u01b0\u1edbc 92%, \u0111\u1ea1m\" \/>\n<meta property=\"og:url\" content=\"https:\/\/dalafarm.vn\/en\/product\/cai-be-trang-500g\/\" \/>\n<meta property=\"og:site_name\" content=\"Rau c\u1ee7 \u0110\u00e0 L\u1ea1t cao c\u1ea5p | Dala Farm - Zero Carbon Farming\" \/>\n<meta property=\"article:modified_time\" content=\"2026-03-29T12:46:34+00:00\" \/>\n<meta property=\"og:image\" content=\"https:\/\/dalafarm.vn\/wp-content\/uploads\/2026\/03\/400233060008-2.jpg.webp\" \/>\n\t<meta property=\"og:image:width\" content=\"800\" \/>\n\t<meta property=\"og:image:height\" content=\"800\" \/>\n\t<meta property=\"og:image:type\" content=\"image\/webp\" \/>\n<meta name=\"twitter:card\" content=\"summary_large_image\" \/>\n<meta name=\"twitter:label1\" content=\"Est. reading time\" \/>\n\t<meta name=\"twitter:data1\" content=\"1 minute\" \/>\n<script type=\"application\/ld+json\" class=\"yoast-schema-graph\">{\"@context\":\"https:\/\/schema.org\",\"@graph\":[{\"@type\":\"WebPage\",\"@id\":\"https:\/\/dalafarm.vn\/en\/product\/cai-be-trang-500g\/\",\"url\":\"https:\/\/dalafarm.vn\/en\/product\/cai-be-trang-500g\/\",\"name\":\"C\u1ea3i b\u1eb9 tr\u1eafng 500g - Rau c\u1ee7 \u0110\u00e0 L\u1ea1t cao c\u1ea5p | Dala Farm - Zero Carbon Farming\",\"isPartOf\":{\"@id\":\"https:\/\/dalafarm.vn\/#website\"},\"primaryImageOfPage\":{\"@id\":\"https:\/\/dalafarm.vn\/en\/product\/cai-be-trang-500g\/#primaryimage\"},\"image\":{\"@id\":\"https:\/\/dalafarm.vn\/en\/product\/cai-be-trang-500g\/#primaryimage\"},\"thumbnailUrl\":\"https:\/\/dalafarm.vn\/wp-content\/uploads\/2026\/03\/400233060008-2.jpg.webp\",\"datePublished\":\"2026-03-23T04:28:53+00:00\",\"dateModified\":\"2026-03-29T12:46:34+00:00\",\"breadcrumb\":{\"@id\":\"https:\/\/dalafarm.vn\/en\/product\/cai-be-trang-500g\/#breadcrumb\"},\"inLanguage\":\"en-US\",\"potentialAction\":[{\"@type\":\"ReadAction\",\"target\":[\"https:\/\/dalafarm.vn\/en\/product\/cai-be-trang-500g\/\"]}]},{\"@type\":\"ImageObject\",\"inLanguage\":\"en-US\",\"@id\":\"https:\/\/dalafarm.vn\/en\/product\/cai-be-trang-500g\/#primaryimage\",\"url\":\"https:\/\/dalafarm.vn\/wp-content\/uploads\/2026\/03\/400233060008-2.jpg.webp\",\"contentUrl\":\"https:\/\/dalafarm.vn\/wp-content\/uploads\/2026\/03\/400233060008-2.jpg.webp\",\"width\":800,\"height\":800},{\"@type\":\"BreadcrumbList\",\"@id\":\"https:\/\/dalafarm.vn\/en\/product\/cai-be-trang-500g\/#breadcrumb\",\"itemListElement\":[{\"@type\":\"ListItem\",\"position\":1,\"name\":\"Home\",\"item\":\"https:\/\/dalafarm.vn\/en\/\"},{\"@type\":\"ListItem\",\"position\":2,\"name\":\"Shop\",\"item\":\"https:\/\/dalafarm.vn\/en\/shop\/\"},{\"@type\":\"ListItem\",\"position\":3,\"name\":\"C\u1ea3i b\u1eb9 tr\u1eafng 500g\"}]},{\"@type\":\"WebSite\",\"@id\":\"https:\/\/dalafarm.vn\/#website\",\"url\":\"https:\/\/dalafarm.vn\/\",\"name\":\"Rau c\u1ee7 \u0110\u00e0 L\u1ea1t cao c\u1ea5p | Dala Farm - Zero Carbon Farming\",\"description\":\"\",\"potentialAction\":[{\"@type\":\"SearchAction\",\"target\":{\"@type\":\"EntryPoint\",\"urlTemplate\":\"https:\/\/dalafarm.vn\/?s={search_term_string}\"},\"query-input\":{\"@type\":\"PropertyValueSpecification\",\"valueRequired\":true,\"valueName\":\"search_term_string\"}}],\"inLanguage\":\"en-US\"}]}<\/script>\n<!-- \/ Yoast SEO Premium plugin. -->","yoast_head_json":{"title":"C\u1ea3i b\u1eb9 tr\u1eafng 500g - Rau c\u1ee7 \u0110\u00e0 L\u1ea1t cao c\u1ea5p | Dala Farm - Zero Carbon Farming","robots":{"index":"index","follow":"follow","max-snippet":"max-snippet:-1","max-image-preview":"max-image-preview:large","max-video-preview":"max-video-preview:-1"},"canonical":"https:\/\/dalafarm.vn\/en\/product\/cai-be-trang-500g\/","og_locale":"en_US","og_type":"article","og_title":"C\u1ea3i b\u1eb9 tr\u1eafng 500g","og_description":"C\u00f4ng d\u1ee5ng: Th\u00e0nh ph\u1ea7n dinh d\u01b0\u1ee1ng trong 100g rau c\u1ea3i b\u1eb9 tr\u1eafng \u0103n \u0111\u01b0\u1ee3c trong \u0111\u00f3 c\u00f3 n\u01b0\u1edbc 92%, \u0111\u1ea1m","og_url":"https:\/\/dalafarm.vn\/en\/product\/cai-be-trang-500g\/","og_site_name":"Rau c\u1ee7 \u0110\u00e0 L\u1ea1t cao c\u1ea5p | Dala Farm - Zero Carbon Farming","article_modified_time":"2026-03-29T12:46:34+00:00","og_image":[{"width":800,"height":800,"url":"https:\/\/dalafarm.vn\/wp-content\/uploads\/2026\/03\/400233060008-2.jpg.webp","type":"image\/webp"}],"twitter_card":"summary_large_image","twitter_misc":{"Est. reading time":"1 minute"},"schema":{"@context":"https:\/\/schema.org","@graph":[{"@type":"WebPage","@id":"https:\/\/dalafarm.vn\/en\/product\/cai-be-trang-500g\/","url":"https:\/\/dalafarm.vn\/en\/product\/cai-be-trang-500g\/","name":"C\u1ea3i b\u1eb9 tr\u1eafng 500g - Rau c\u1ee7 \u0110\u00e0 L\u1ea1t cao c\u1ea5p | Dala Farm - Zero Carbon Farming","isPartOf":{"@id":"https:\/\/dalafarm.vn\/#website"},"primaryImageOfPage":{"@id":"https:\/\/dalafarm.vn\/en\/product\/cai-be-trang-500g\/#primaryimage"},"image":{"@id":"https:\/\/dalafarm.vn\/en\/product\/cai-be-trang-500g\/#primaryimage"},"thumbnailUrl":"https:\/\/dalafarm.vn\/wp-content\/uploads\/2026\/03\/400233060008-2.jpg.webp","datePublished":"2026-03-23T04:28:53+00:00","dateModified":"2026-03-29T12:46:34+00:00","breadcrumb":{"@id":"https:\/\/dalafarm.vn\/en\/product\/cai-be-trang-500g\/#breadcrumb"},"inLanguage":"en-US","potentialAction":[{"@type":"ReadAction","target":["https:\/\/dalafarm.vn\/en\/product\/cai-be-trang-500g\/"]}]},{"@type":"ImageObject","inLanguage":"en-US","@id":"https:\/\/dalafarm.vn\/en\/product\/cai-be-trang-500g\/#primaryimage","url":"https:\/\/dalafarm.vn\/wp-content\/uploads\/2026\/03\/400233060008-2.jpg.webp","contentUrl":"https:\/\/dalafarm.vn\/wp-content\/uploads\/2026\/03\/400233060008-2.jpg.webp","width":800,"height":800},{"@type":"BreadcrumbList","@id":"https:\/\/dalafarm.vn\/en\/product\/cai-be-trang-500g\/#breadcrumb","itemListElement":[{"@type":"ListItem","position":1,"name":"Home","item":"https:\/\/dalafarm.vn\/en\/"},{"@type":"ListItem","position":2,"name":"Shop","item":"https:\/\/dalafarm.vn\/en\/shop\/"},{"@type":"ListItem","position":3,"name":"C\u1ea3i b\u1eb9 tr\u1eafng 500g"}]},{"@type":"WebSite","@id":"https:\/\/dalafarm.vn\/#website","url":"https:\/\/dalafarm.vn\/","name":"Rau c\u1ee7 \u0110\u00e0 L\u1ea1t cao c\u1ea5p | Dala Farm - Zero Carbon Farming","description":"","potentialAction":[{"@type":"SearchAction","target":{"@type":"EntryPoint","urlTemplate":"https:\/\/dalafarm.vn\/?s={search_term_string}"},"query-input":{"@type":"PropertyValueSpecification","valueRequired":true,"valueName":"search_term_string"}}],"inLanguage":"en-US"}]}},"_links":{"self":[{"href":"https:\/\/dalafarm.vn\/en\/wp-json\/wp\/v2\/product\/4740","targetHints":{"allow":["GET"]}}],"collection":[{"href":"https:\/\/dalafarm.vn\/en\/wp-json\/wp\/v2\/product"}],"about":[{"href":"https:\/\/dalafarm.vn\/en\/wp-json\/wp\/v2\/types\/product"}],"replies":[{"embeddable":true,"href":"https:\/\/dalafarm.vn\/en\/wp-json\/wp\/v2\/comments?post=4740"}],"wp:featuredmedia":[{"embeddable":true,"href":"https:\/\/dalafarm.vn\/en\/wp-json\/wp\/v2\/media\/4739"}],"wp:attachment":[{"href":"https:\/\/dalafarm.vn\/en\/wp-json\/wp\/v2\/media?parent=4740"}],"wp:term":[{"taxonomy":"product_brand","embeddable":true,"href":"https:\/\/dalafarm.vn\/en\/wp-json\/wp\/v2\/product_brand?post=4740"},{"taxonomy":"product_cat","embeddable":true,"href":"https:\/\/dalafarm.vn\/en\/wp-json\/wp\/v2\/product_cat?post=4740"},{"taxonomy":"product_tag","embeddable":true,"href":"https:\/\/dalafarm.vn\/en\/wp-json\/wp\/v2\/product_tag?post=4740"}],"curies":[{"name":"wp","href":"https:\/\/api.w.org\/{rel}","templated":true}]}}