{"id":3610,"date":"2025-10-21T08:59:50","date_gmt":"2025-10-21T08:59:50","guid":{"rendered":"https:\/\/dala.farm\/?post_type=product&#038;p=3610"},"modified":"2025-10-26T09:23:03","modified_gmt":"2025-10-26T09:23:03","slug":"box-4","status":"publish","type":"product","link":"https:\/\/dalafarm.vn\/en\/product\/box-4\/","title":{"rendered":"Box 4"},"content":{"rendered":"<h3><strong>Box\u00a0rau\u00a07kg Dala Farm\u00a0c\u00f3\u00a0g\u00ec\u00a0\u0111\u1eb7c\u00a0bi\u1ec7t?<\/strong><\/h3>\n<table>\n<tbody>\n<tr>\n<td><strong>TI\u00caU CH\u00cd<\/strong><\/td>\n<td><strong>\u0110I\u1ec2M \u0110\u1eb6C BI\u1ec6T BOX RAU C\u1ee6A DALA FARM<\/strong><\/td>\n<\/tr>\n<tr>\n<td><strong>Th\u00e0nh\u00a0ph\u1ea7n\u00a0rau<\/strong><\/td>\n<td>&#8211; 10\u201312\u00a0lo\u1ea1i\u00a0rau\u00a0c\u1ee7\u00a0qu\u1ea3\u00a0t\u01b0\u01a1i\u00a0theo\u00a0m\u00f9a, chia 4\u00a0nh\u00f3m:\u00a0rau\u00a0s\u1ed1ng\u00a0\u2013\u00a0rau\u00a0c\u1ee7\u00a0x\u00e0o\u00a0\u2013\u00a0rau\u00a0canh\u00a0\u2013\u00a0rau\u00a0c\u1ee7\u00a0lu\u1ed9c.<\/td>\n<\/tr>\n<tr>\n<td><strong>Ngu\u1ed3n<\/strong><strong>\u00a0g\u1ed1c\u00a0canh\u00a0t\u00e1c<\/strong><\/td>\n<td>&#8211;\u00a0Tr\u1ed3ng\u00a0theo\u00a0h\u01b0\u1edbng\u00a0t\u1ef1\u00a0nhi\u00ean,\u00a0kh\u00f4ng\u00a0h\u00f3a\u00a0ch\u1ea5t\u00a0\u0111\u1ed9c\u00a0h\u1ea1i,\u00a0quy\u00a0tr\u00ecnh\u00a0n\u00f4ng\u00a0nghi\u1ec7p\u00a0tu\u1ea7n\u00a0ho\u00e0n\u00a0h\u01b0\u1edbng\u00a0t\u1edbi\u00a0Net Zero.<\/td>\n<\/tr>\n<tr>\n<td><strong>Kh\u1ed1i<\/strong><strong>\u00a0l\u01b0\u1ee3ng\u00a0th\u1eadt<\/strong><\/td>\n<td>&#8211;\u00a0\u0110\u1ea3m\u00a0b\u1ea3o\u00a0\u0111\u1ee7\u00a07kg\u00a0th\u1eadt,\u00a0m\u1ed7i\u00a0box Dala Farm\u00a0\u0111\u1ec1u\u00a0\u0111\u00f3ng\u00a0d\u01b0\u00a0\u0111\u1ecbnh\u00a0l\u01b0\u1ee3ng\u00a0\u0111\u1ec3\u00a0tr\u1eeb\u00a0hao\u00a0h\u01b0\u00a0h\u1ecfng<\/td>\n<\/tr>\n<tr>\n<td><strong>\u0110\u1ed9<\/strong><strong>\u00a0t\u01b0\u01a1i\u00a0&amp;\u00a0c\u00e1ch\u00a0\u0111\u00f3ng\u00a0g\u00f3i<\/strong><\/td>\n<td>&#8211;\u00a0\u0110\u00f3ng\u00a0th\u00f9ng\u00a0c\u1ea9n\u00a0th\u1eadn\u00a0v\u1edbi\u00a0g\u00f3i\u00a0rau\u00a0b\u1eb1ng\u00a0gi\u1ea5y\u00a0kraft\u00a0th\u00e2n\u00a0thi\u1ec7n,\u00a0v\u1eabn\u00a0\u0111\u1ea3m\u00a0b\u1ea3o\u00a0\u0111\u1ed9\u00a0t\u01b0\u01a1i\u00a0v\u00e0\u00a0gi\u1eef\u00a0nguy\u00ean\u00a0\u0111\u1ed9\u00a0\u1ea9m\u00a0c\u1ee7a\u00a0rau.<\/td>\n<\/tr>\n<tr>\n<td><strong>Bao\u00a0b\u00ec\u00a0xanh<\/strong><\/td>\n<td>&#8211;\u00a0H\u1ed9p\u00a0carton\u00a0t\u00e1i\u00a0ch\u1ebf\u00a0in\u00a0m\u1ef1c\u00a0sinh\u00a0h\u1ecdc\u00a0an\u00a0to\u00e0n,\u00a0k\u00e8m\u00a0t\u00fai\u00a0v\u1ea3i\u00a0th\u00e2n\u00a0thi\u1ec7n\u00a0m\u00f4i\u00a0tr\u01b0\u1eddng\u00a0\u0111\u1ec3\u00a0kh\u00e1ch\u00a0t\u00e1i\u00a0s\u1eed\u00a0d\u1ee5ng\u00a0\u2013\u00a0gi\u1ea3m\u00a0r\u00e1c\u00a0th\u1ea3i\u00a0nh\u1ef1a.<\/td>\n<\/tr>\n<tr>\n<td><strong>Gi\u00e1<\/strong><strong>\u00a0tr\u1ecb\u00a0b\u1ec1n\u00a0v\u1eefng<\/strong><\/td>\n<td>&#8211;\u00a0M\u1ed7i\u00a0box\u00a0g\u00f3p\u00a0ph\u1ea7n\u00a0gi\u1ea3m\u00a0ph\u00e1t\u00a0th\u1ea3i,\u00a0h\u01b0\u1edbng\u00a0\u0111\u1ebfn\u00a0Net Zero\u00a0c\u00f9ng\u00a0Dala Farm \u2013 \u201cT\u01b0\u01a1i\u00a0t\u1eeb\u00a0\u0111\u1ea5t\u00a0\u0111\u1ebfn\u00a0b\u00e0n\u00a0\u0103n&#8221;<\/td>\n<\/tr>\n<tr>\n<td><strong>Ch\u00ednh<\/strong><strong>\u00a0s\u00e1ch\u00a0b\u1ea3o\u00a0h\u00e0nh<\/strong><\/td>\n<td>Cam\u00a0k\u1ebft\u00a0b\u1ea3o\u00a0h\u00e0nh,\u00a0\u0111\u1ed5i\u00a0tr\u1ea3,\u00a0ho\u00e0n\u00a0ti\u1ec1n\u00a0v\u1edbi\u00a0c\u00e1c\u00a0tr\u01b0\u1eddng\u00a0h\u1ee3p:<br \/>\n&#8211; Giao\u00a0h\u00e0ng\u00a0kh\u00f4ng\u00a0\u0111\u00fang\u00a0th\u1eddi\u00a0gian\u00a0\u0111\u00e3\u00a0cam\u00a0k\u1ebft<br \/>\n&#8211;\u00a0S\u1ea3n\u00a0ph\u1ea9m\u00a0giao\u00a0sai\u00a0kh\u1ed1i\u00a0l\u01b0\u1ee3ng\u00a0so\u00a0v\u1edbi\u00a0\u0111\u01a1n\u00a0\u0111\u1eb7t\u00a0(\u00edt\u00a0h\u01a1n\u00a07kg)<br \/>\n&#8211;\u00a0H\u00e0ng\u00a0h\u00f3a\u00a0b\u1ecb\u00a0h\u01b0\u00a0h\u1ecfng\u00a0(d\u1eadp\u00a0n\u00e1t,\u00a0th\u1ed1i\u00a0m\u1ed1c,\u00a0d\u1eadp\u00a0l\u00e1)\u00a0tr\u00ean\u00a020%<\/td>\n<\/tr>\n<\/tbody>\n<\/table>\n<p>M\u1ed9t box rau \u2013 m\u1ed9t l\u1eddi nh\u1eafn xanh.<br \/>\nT\u1eeb rau t\u01b0\u01a1i tr\u1ed3ng t\u1ef1 nhi\u00ean, \u0111\u1ebfn th\u00f9ng carton th\u00e2n thi\u1ec7n, gi\u1ea5y g\u00f3i kh\u00f4ng nh\u1ef1a v\u00e0 t\u00fai v\u1ea3i t\u00e1i s\u1eed d\u1ee5ng, m\u1ecdi chi ti\u1ebft \u0111\u1ec1u \u0111\u01b0\u1ee3c Dala Farm ch\u0103m ch\u00fat \u0111\u1ec3 g\u1eedi \u0111\u1ebfn b\u1ea1n tr\u1ecdn v\u1eb9n tinh th\u1ea7n \u201cT\u01b0\u01a1i t\u1eeb \u0111\u1ea5t \u0111\u1ebfn b\u00e0n \u0103n\u201d.<br \/>\nM\u1ed7i box rau 7kg kh\u00f4ng ch\u1ec9 nu\u00f4i d\u01b0\u1ee1ng b\u1eefa \u0103n gia \u0111\u00ecnh, m\u00e0 c\u00f2n g\u00f3p ph\u1ea7n gieo m\u1ea7m cho h\u00e0nh tr\u00ecnh Net Zero \u2013 kh\u00f4ng ph\u00e1t th\u1ea3i v\u00ec m\u1ed9t t\u01b0\u01a1ng lai b\u1ec1n v\u1eefng.<\/p>\n","protected":false},"excerpt":{"rendered":"<p>Box\u00a0rau\u00a07kg Dala Farm\u00a0c\u00f3\u00a0g\u00ec\u00a0\u0111\u1eb7c\u00a0bi\u1ec7t? TI\u00caU CH\u00cd \u0110I\u1ec2M \u0110\u1eb6C BI\u1ec6T BOX RAU C\u1ee6A DALA FARM Th\u00e0nh\u00a0ph\u1ea7n\u00a0rau &#8211; 10\u201312\u00a0lo\u1ea1i\u00a0rau\u00a0c\u1ee7\u00a0qu\u1ea3\u00a0t\u01b0\u01a1i\u00a0theo\u00a0m\u00f9a, chia 4\u00a0nh\u00f3m:\u00a0rau\u00a0s\u1ed1ng\u00a0\u2013\u00a0rau\u00a0c\u1ee7\u00a0x\u00e0o\u00a0\u2013\u00a0rau\u00a0canh\u00a0\u2013\u00a0rau\u00a0c\u1ee7\u00a0lu\u1ed9c. Ngu\u1ed3n\u00a0g\u1ed1c\u00a0canh\u00a0t\u00e1c &#8211;\u00a0Tr\u1ed3ng\u00a0theo\u00a0h\u01b0\u1edbng\u00a0t\u1ef1\u00a0nhi\u00ean,\u00a0kh\u00f4ng\u00a0h\u00f3a\u00a0ch\u1ea5t\u00a0\u0111\u1ed9c\u00a0h\u1ea1i,\u00a0quy\u00a0tr\u00ecnh\u00a0n\u00f4ng\u00a0nghi\u1ec7p\u00a0tu\u1ea7n\u00a0ho\u00e0n\u00a0h\u01b0\u1edbng\u00a0t\u1edbi\u00a0Net<\/p>\n","protected":false},"featured_media":3271,"comment_status":"open","ping_status":"closed","template":"","meta":[],"product_brand":[],"product_cat":[],"product_tag":[],"class_list":{"0":"post-3610","1":"product","2":"type-product","3":"status-publish","4":"has-post-thumbnail","7":"first","8":"instock","9":"shipping-taxable","10":"product-type-simple"},"yoast_head":"<!-- This site is optimized with the Yoast SEO Premium plugin v25.7.1 (Yoast SEO v25.7) - https:\/\/yoast.com\/wordpress\/plugins\/seo\/ -->\n<title>Box 4 - Rau c\u1ee7 \u0110\u00e0 L\u1ea1t cao c\u1ea5p | Dala Farm - Zero Carbon Farming<\/title>\n<meta name=\"robots\" content=\"index, follow, max-snippet:-1, max-image-preview:large, max-video-preview:-1\" \/>\n<link rel=\"canonical\" href=\"https:\/\/dalafarm.vn\/en\/product\/box-4\/\" \/>\n<meta property=\"og:locale\" content=\"en_US\" \/>\n<meta property=\"og:type\" content=\"article\" \/>\n<meta property=\"og:title\" content=\"Box 4\" \/>\n<meta property=\"og:description\" content=\"Box\u00a0rau\u00a07kg Dala Farm\u00a0c\u00f3\u00a0g\u00ec\u00a0\u0111\u1eb7c\u00a0bi\u1ec7t? TI\u00caU CH\u00cd \u0110I\u1ec2M \u0110\u1eb6C BI\u1ec6T BOX RAU C\u1ee6A DALA FARM Th\u00e0nh\u00a0ph\u1ea7n\u00a0rau &#8211; 10\u201312\u00a0lo\u1ea1i\u00a0rau\u00a0c\u1ee7\u00a0qu\u1ea3\u00a0t\u01b0\u01a1i\u00a0theo\u00a0m\u00f9a, chia 4\u00a0nh\u00f3m:\u00a0rau\u00a0s\u1ed1ng\u00a0\u2013\u00a0rau\u00a0c\u1ee7\u00a0x\u00e0o\u00a0\u2013\u00a0rau\u00a0canh\u00a0\u2013\u00a0rau\u00a0c\u1ee7\u00a0lu\u1ed9c. Ngu\u1ed3n\u00a0g\u1ed1c\u00a0canh\u00a0t\u00e1c &#8211;\u00a0Tr\u1ed3ng\u00a0theo\u00a0h\u01b0\u1edbng\u00a0t\u1ef1\u00a0nhi\u00ean,\u00a0kh\u00f4ng\u00a0h\u00f3a\u00a0ch\u1ea5t\u00a0\u0111\u1ed9c\u00a0h\u1ea1i,\u00a0quy\u00a0tr\u00ecnh\u00a0n\u00f4ng\u00a0nghi\u1ec7p\u00a0tu\u1ea7n\u00a0ho\u00e0n\u00a0h\u01b0\u1edbng\u00a0t\u1edbi\u00a0Net\" \/>\n<meta property=\"og:url\" content=\"https:\/\/dalafarm.vn\/en\/product\/box-4\/\" \/>\n<meta property=\"og:site_name\" content=\"Rau c\u1ee7 \u0110\u00e0 L\u1ea1t cao c\u1ea5p | Dala Farm - Zero Carbon Farming\" \/>\n<meta property=\"article:modified_time\" content=\"2025-10-26T09:23:03+00:00\" \/>\n<meta property=\"og:image\" content=\"https:\/\/dalafarm.vn\/wp-content\/uploads\/2025\/10\/00box-1-DSCF1990.webp\" \/>\n\t<meta property=\"og:image:width\" content=\"1000\" \/>\n\t<meta property=\"og:image:height\" content=\"1000\" \/>\n\t<meta property=\"og:image:type\" content=\"image\/webp\" \/>\n<meta name=\"twitter:card\" content=\"summary_large_image\" \/>\n<meta name=\"twitter:label1\" content=\"Est. reading time\" \/>\n\t<meta name=\"twitter:data1\" content=\"2 minutes\" \/>\n<script type=\"application\/ld+json\" class=\"yoast-schema-graph\">{\"@context\":\"https:\/\/schema.org\",\"@graph\":[{\"@type\":\"WebPage\",\"@id\":\"https:\/\/dalafarm.vn\/en\/product\/box-4\/\",\"url\":\"https:\/\/dalafarm.vn\/en\/product\/box-4\/\",\"name\":\"Box 4 - Rau c\u1ee7 \u0110\u00e0 L\u1ea1t cao c\u1ea5p | Dala Farm - Zero Carbon Farming\",\"isPartOf\":{\"@id\":\"https:\/\/dalafarm.vn\/#website\"},\"primaryImageOfPage\":{\"@id\":\"https:\/\/dalafarm.vn\/en\/product\/box-4\/#primaryimage\"},\"image\":{\"@id\":\"https:\/\/dalafarm.vn\/en\/product\/box-4\/#primaryimage\"},\"thumbnailUrl\":\"https:\/\/dalafarm.vn\/wp-content\/uploads\/2025\/10\/00box-1-DSCF1990.webp\",\"datePublished\":\"2025-10-21T08:59:50+00:00\",\"dateModified\":\"2025-10-26T09:23:03+00:00\",\"breadcrumb\":{\"@id\":\"https:\/\/dalafarm.vn\/en\/product\/box-4\/#breadcrumb\"},\"inLanguage\":\"en-US\",\"potentialAction\":[{\"@type\":\"ReadAction\",\"target\":[\"https:\/\/dalafarm.vn\/en\/product\/box-4\/\"]}]},{\"@type\":\"ImageObject\",\"inLanguage\":\"en-US\",\"@id\":\"https:\/\/dalafarm.vn\/en\/product\/box-4\/#primaryimage\",\"url\":\"https:\/\/dalafarm.vn\/wp-content\/uploads\/2025\/10\/00box-1-DSCF1990.webp\",\"contentUrl\":\"https:\/\/dalafarm.vn\/wp-content\/uploads\/2025\/10\/00box-1-DSCF1990.webp\",\"width\":1000,\"height\":1000},{\"@type\":\"BreadcrumbList\",\"@id\":\"https:\/\/dalafarm.vn\/en\/product\/box-4\/#breadcrumb\",\"itemListElement\":[{\"@type\":\"ListItem\",\"position\":1,\"name\":\"Home\",\"item\":\"https:\/\/dalafarm.vn\/en\/\"},{\"@type\":\"ListItem\",\"position\":2,\"name\":\"Shop\",\"item\":\"https:\/\/dalafarm.vn\/en\/shop\/\"},{\"@type\":\"ListItem\",\"position\":3,\"name\":\"Box 4\"}]},{\"@type\":\"WebSite\",\"@id\":\"https:\/\/dalafarm.vn\/#website\",\"url\":\"https:\/\/dalafarm.vn\/\",\"name\":\"Rau c\u1ee7 \u0110\u00e0 L\u1ea1t cao c\u1ea5p | Dala Farm - Zero Carbon Farming\",\"description\":\"\",\"potentialAction\":[{\"@type\":\"SearchAction\",\"target\":{\"@type\":\"EntryPoint\",\"urlTemplate\":\"https:\/\/dalafarm.vn\/?s={search_term_string}\"},\"query-input\":{\"@type\":\"PropertyValueSpecification\",\"valueRequired\":true,\"valueName\":\"search_term_string\"}}],\"inLanguage\":\"en-US\"}]}<\/script>\n<!-- \/ Yoast SEO Premium plugin. -->","yoast_head_json":{"title":"Box 4 - Rau c\u1ee7 \u0110\u00e0 L\u1ea1t cao c\u1ea5p | Dala Farm - Zero Carbon Farming","robots":{"index":"index","follow":"follow","max-snippet":"max-snippet:-1","max-image-preview":"max-image-preview:large","max-video-preview":"max-video-preview:-1"},"canonical":"https:\/\/dalafarm.vn\/en\/product\/box-4\/","og_locale":"en_US","og_type":"article","og_title":"Box 4","og_description":"Box\u00a0rau\u00a07kg Dala Farm\u00a0c\u00f3\u00a0g\u00ec\u00a0\u0111\u1eb7c\u00a0bi\u1ec7t? TI\u00caU CH\u00cd \u0110I\u1ec2M \u0110\u1eb6C BI\u1ec6T BOX RAU C\u1ee6A DALA FARM Th\u00e0nh\u00a0ph\u1ea7n\u00a0rau &#8211; 10\u201312\u00a0lo\u1ea1i\u00a0rau\u00a0c\u1ee7\u00a0qu\u1ea3\u00a0t\u01b0\u01a1i\u00a0theo\u00a0m\u00f9a, chia 4\u00a0nh\u00f3m:\u00a0rau\u00a0s\u1ed1ng\u00a0\u2013\u00a0rau\u00a0c\u1ee7\u00a0x\u00e0o\u00a0\u2013\u00a0rau\u00a0canh\u00a0\u2013\u00a0rau\u00a0c\u1ee7\u00a0lu\u1ed9c. Ngu\u1ed3n\u00a0g\u1ed1c\u00a0canh\u00a0t\u00e1c &#8211;\u00a0Tr\u1ed3ng\u00a0theo\u00a0h\u01b0\u1edbng\u00a0t\u1ef1\u00a0nhi\u00ean,\u00a0kh\u00f4ng\u00a0h\u00f3a\u00a0ch\u1ea5t\u00a0\u0111\u1ed9c\u00a0h\u1ea1i,\u00a0quy\u00a0tr\u00ecnh\u00a0n\u00f4ng\u00a0nghi\u1ec7p\u00a0tu\u1ea7n\u00a0ho\u00e0n\u00a0h\u01b0\u1edbng\u00a0t\u1edbi\u00a0Net","og_url":"https:\/\/dalafarm.vn\/en\/product\/box-4\/","og_site_name":"Rau c\u1ee7 \u0110\u00e0 L\u1ea1t cao c\u1ea5p | Dala Farm - Zero Carbon Farming","article_modified_time":"2025-10-26T09:23:03+00:00","og_image":[{"width":1000,"height":1000,"url":"https:\/\/dalafarm.vn\/wp-content\/uploads\/2025\/10\/00box-1-DSCF1990.webp","type":"image\/webp"}],"twitter_card":"summary_large_image","twitter_misc":{"Est. reading time":"2 minutes"},"schema":{"@context":"https:\/\/schema.org","@graph":[{"@type":"WebPage","@id":"https:\/\/dalafarm.vn\/en\/product\/box-4\/","url":"https:\/\/dalafarm.vn\/en\/product\/box-4\/","name":"Box 4 - Rau c\u1ee7 \u0110\u00e0 L\u1ea1t cao c\u1ea5p | Dala Farm - Zero Carbon Farming","isPartOf":{"@id":"https:\/\/dalafarm.vn\/#website"},"primaryImageOfPage":{"@id":"https:\/\/dalafarm.vn\/en\/product\/box-4\/#primaryimage"},"image":{"@id":"https:\/\/dalafarm.vn\/en\/product\/box-4\/#primaryimage"},"thumbnailUrl":"https:\/\/dalafarm.vn\/wp-content\/uploads\/2025\/10\/00box-1-DSCF1990.webp","datePublished":"2025-10-21T08:59:50+00:00","dateModified":"2025-10-26T09:23:03+00:00","breadcrumb":{"@id":"https:\/\/dalafarm.vn\/en\/product\/box-4\/#breadcrumb"},"inLanguage":"en-US","potentialAction":[{"@type":"ReadAction","target":["https:\/\/dalafarm.vn\/en\/product\/box-4\/"]}]},{"@type":"ImageObject","inLanguage":"en-US","@id":"https:\/\/dalafarm.vn\/en\/product\/box-4\/#primaryimage","url":"https:\/\/dalafarm.vn\/wp-content\/uploads\/2025\/10\/00box-1-DSCF1990.webp","contentUrl":"https:\/\/dalafarm.vn\/wp-content\/uploads\/2025\/10\/00box-1-DSCF1990.webp","width":1000,"height":1000},{"@type":"BreadcrumbList","@id":"https:\/\/dalafarm.vn\/en\/product\/box-4\/#breadcrumb","itemListElement":[{"@type":"ListItem","position":1,"name":"Home","item":"https:\/\/dalafarm.vn\/en\/"},{"@type":"ListItem","position":2,"name":"Shop","item":"https:\/\/dalafarm.vn\/en\/shop\/"},{"@type":"ListItem","position":3,"name":"Box 4"}]},{"@type":"WebSite","@id":"https:\/\/dalafarm.vn\/#website","url":"https:\/\/dalafarm.vn\/","name":"Rau c\u1ee7 \u0110\u00e0 L\u1ea1t cao c\u1ea5p | Dala Farm - Zero Carbon Farming","description":"","potentialAction":[{"@type":"SearchAction","target":{"@type":"EntryPoint","urlTemplate":"https:\/\/dalafarm.vn\/?s={search_term_string}"},"query-input":{"@type":"PropertyValueSpecification","valueRequired":true,"valueName":"search_term_string"}}],"inLanguage":"en-US"}]}},"_links":{"self":[{"href":"https:\/\/dalafarm.vn\/en\/wp-json\/wp\/v2\/product\/3610","targetHints":{"allow":["GET"]}}],"collection":[{"href":"https:\/\/dalafarm.vn\/en\/wp-json\/wp\/v2\/product"}],"about":[{"href":"https:\/\/dalafarm.vn\/en\/wp-json\/wp\/v2\/types\/product"}],"replies":[{"embeddable":true,"href":"https:\/\/dalafarm.vn\/en\/wp-json\/wp\/v2\/comments?post=3610"}],"wp:featuredmedia":[{"embeddable":true,"href":"https:\/\/dalafarm.vn\/en\/wp-json\/wp\/v2\/media\/3271"}],"wp:attachment":[{"href":"https:\/\/dalafarm.vn\/en\/wp-json\/wp\/v2\/media?parent=3610"}],"wp:term":[{"taxonomy":"product_brand","embeddable":true,"href":"https:\/\/dalafarm.vn\/en\/wp-json\/wp\/v2\/product_brand?post=3610"},{"taxonomy":"product_cat","embeddable":true,"href":"https:\/\/dalafarm.vn\/en\/wp-json\/wp\/v2\/product_cat?post=3610"},{"taxonomy":"product_tag","embeddable":true,"href":"https:\/\/dalafarm.vn\/en\/wp-json\/wp\/v2\/product_tag?post=3610"}],"curies":[{"name":"wp","href":"https:\/\/api.w.org\/{rel}","templated":true}]}}