{"id":1746,"date":"2022-06-14T18:41:13","date_gmt":"2022-06-14T18:41:13","guid":{"rendered":"https:\/\/dala.farm\/product\/ca-chua-socola\/"},"modified":"2026-03-23T08:07:45","modified_gmt":"2026-03-23T08:07:45","slug":"ca-chua-socola","status":"publish","type":"product","link":"https:\/\/dalafarm.vn\/en\/product\/ca-chua-socola\/","title":{"rendered":"Chocolate tomatoes 500g"},"content":{"rendered":"<p>C\u00f4ng d\u1ee5ng<br \/>\nC\u00e0 chua bi socola c\u00f3 c\u00f4ng d\u1ee5ng l\u00e0m \u0111\u1eb9p nh\u01b0: ch\u1ed1ng l\u00e3o h\u00f3a, l\u00e0m da m\u1ecbn m\u00e0ng t\u01b0\u01a1i s\u00e1ng, b\u1ea3o v\u1ec7 b\u1ec1 m\u1eb7t da \u2026.<br \/>\nC\u0169ng gi\u1ed1ng nh\u01b0 c\u00e1c lo\u1ea1i c\u00e0 chua kh\u00e1c, c\u00f4ng d\u1ee5ng c\u1ee7a c\u00e0 chua chocolate r\u1ea5t nhi\u1ec1u, ph\u00f2ng ch\u1ed1ng ung th\u01b0, ch\u1eefa vi\u00eam gan m\u00e3n t\u00ednh, h\u1ed7 tr\u1ee3 cho ng\u01b0\u1eddi b\u1ecb vi\u00eam th\u1eadn, ch\u1eefa b\u1ec7nh tim mach, ch\u1eefa b\u00ed \u0111\u1ea1i ti\u1ec7n, thi\u1ebfu m\u00e1u, ch\u1eefa m\u00fan nh\u1ecdt, b\u00f5ng l\u1eeda, ch\u1eefa s\u1ed1t cao k\u00e8m theo kh\u00e1t n\u01b0\u1edbc hay ch\u1eefa t\u0103ng huy\u1ebft \u00e1p, ch\u1ea3y m\u00e1u ch\u00e2n r\u0103ng\u2026<br \/>\nC\u00e1ch d\u00f9ng<br \/>\nC\u00e0 chua bi socola th\u01b0\u1eddng \u0111\u01b0\u1ee3c chu\u1ed9ng \u0103n s\u1ed1ng h\u01a1n l\u00e0 ch\u1ebf bi\u1ebfn th\u00e0nh c\u00e1c m\u00f3n \u0103n trong b\u1eefa c\u01a1m. Ng\u01b0\u1eddi ta \u0103n c\u00e0 chua bi nh\u01b0 m\u1ed9t lo\u1ea1i tr\u00e1i c\u00e2y.<br \/>\nC\u00e0 chua c\u00f3 th\u1ec3 \u0111\u01b0\u1ee3c \u0103n s\u1ed1ng v\u1edbi m\u00f3n salad, hay \u00e9p th\u00e0nh n\u01b0\u1edbc hoa qu\u1ea3 b\u1ed5 d\u01b0\u1ee1ng\u2026<br \/>\nM\u1ed9t v\u0129 c\u00e0 chua bi socola 500gram m\u1ed7i ng\u00e0y s\u1ebd gi\u00fap ta b\u1ed3i b\u1ed5 th\u00eam nhi\u1ec1u ch\u1ea5t dinh d\u01b0\u1ee1ng c\u0169ng nh\u01b0 s\u1ee9c \u0111\u1ec1 kh\u00e1ng.<br \/>\nB\u1ea3o qu\u1ea3n: C\u00e0 chua th\u01b0\u1eddng ch\u00edn r\u1ea5t nhanh khi \u0111\u1ec3 \u1edf nhi\u1ec7t \u0111\u1ed9 ph\u00f2ng.<\/p>\n","protected":false},"excerpt":{"rendered":"<p>C\u00f4ng d\u1ee5ng C\u00e0 chua bi socola c\u00f3 c\u00f4ng d\u1ee5ng l\u00e0m \u0111\u1eb9p nh\u01b0: ch\u1ed1ng l\u00e3o h\u00f3a, l\u00e0m da m\u1ecbn m\u00e0ng t\u01b0\u01a1i<\/p>\n","protected":false},"featured_media":3541,"comment_status":"closed","ping_status":"closed","template":"","meta":[],"product_brand":[],"product_cat":[104],"product_tag":[],"class_list":{"0":"post-1746","1":"product","2":"type-product","3":"status-publish","4":"has-post-thumbnail","6":"product_cat-fruit","8":"first","9":"instock","10":"shipping-taxable","11":"purchasable","12":"product-type-simple"},"yoast_head":"<!-- This site is optimized with the Yoast SEO Premium plugin v25.7.1 (Yoast SEO v25.7) - https:\/\/yoast.com\/wordpress\/plugins\/seo\/ -->\n<title>Chocolate tomatoes 500g - Rau c\u1ee7 \u0110\u00e0 L\u1ea1t cao c\u1ea5p | Dala Farm - Zero Carbon Farming<\/title>\n<meta name=\"robots\" content=\"index, follow, max-snippet:-1, max-image-preview:large, max-video-preview:-1\" \/>\n<link rel=\"canonical\" href=\"https:\/\/dalafarm.vn\/en\/product\/ca-chua-socola\/\" \/>\n<meta property=\"og:locale\" content=\"en_US\" \/>\n<meta property=\"og:type\" content=\"article\" \/>\n<meta property=\"og:title\" content=\"Chocolate tomatoes 500g\" \/>\n<meta property=\"og:description\" content=\"C\u00f4ng d\u1ee5ng C\u00e0 chua bi socola c\u00f3 c\u00f4ng d\u1ee5ng l\u00e0m \u0111\u1eb9p nh\u01b0: ch\u1ed1ng l\u00e3o h\u00f3a, l\u00e0m da m\u1ecbn m\u00e0ng t\u01b0\u01a1i\" \/>\n<meta property=\"og:url\" content=\"https:\/\/dalafarm.vn\/en\/product\/ca-chua-socola\/\" \/>\n<meta property=\"og:site_name\" content=\"Rau c\u1ee7 \u0110\u00e0 L\u1ea1t cao c\u1ea5p | Dala Farm - Zero Carbon Farming\" \/>\n<meta property=\"article:modified_time\" content=\"2026-03-23T08:07:45+00:00\" \/>\n<meta property=\"og:image\" content=\"https:\/\/dalafarm.vn\/wp-content\/uploads\/2025\/10\/0022-DSCF1919.webp\" \/>\n\t<meta property=\"og:image:width\" content=\"1000\" \/>\n\t<meta property=\"og:image:height\" content=\"1000\" \/>\n\t<meta property=\"og:image:type\" content=\"image\/webp\" \/>\n<meta name=\"twitter:card\" content=\"summary_large_image\" \/>\n<meta name=\"twitter:label1\" content=\"Est. reading time\" \/>\n\t<meta name=\"twitter:data1\" content=\"2 minutes\" \/>\n<script type=\"application\/ld+json\" class=\"yoast-schema-graph\">{\"@context\":\"https:\/\/schema.org\",\"@graph\":[{\"@type\":\"WebPage\",\"@id\":\"https:\/\/dalafarm.vn\/en\/product\/ca-chua-socola\/\",\"url\":\"https:\/\/dalafarm.vn\/en\/product\/ca-chua-socola\/\",\"name\":\"Chocolate tomatoes 500g - Rau c\u1ee7 \u0110\u00e0 L\u1ea1t cao c\u1ea5p | Dala Farm - Zero Carbon Farming\",\"isPartOf\":{\"@id\":\"https:\/\/dalafarm.vn\/#website\"},\"primaryImageOfPage\":{\"@id\":\"https:\/\/dalafarm.vn\/en\/product\/ca-chua-socola\/#primaryimage\"},\"image\":{\"@id\":\"https:\/\/dalafarm.vn\/en\/product\/ca-chua-socola\/#primaryimage\"},\"thumbnailUrl\":\"https:\/\/dalafarm.vn\/wp-content\/uploads\/2025\/10\/0022-DSCF1919.webp\",\"datePublished\":\"2022-06-14T18:41:13+00:00\",\"dateModified\":\"2026-03-23T08:07:45+00:00\",\"breadcrumb\":{\"@id\":\"https:\/\/dalafarm.vn\/en\/product\/ca-chua-socola\/#breadcrumb\"},\"inLanguage\":\"en-US\",\"potentialAction\":[{\"@type\":\"ReadAction\",\"target\":[\"https:\/\/dalafarm.vn\/en\/product\/ca-chua-socola\/\"]}]},{\"@type\":\"ImageObject\",\"inLanguage\":\"en-US\",\"@id\":\"https:\/\/dalafarm.vn\/en\/product\/ca-chua-socola\/#primaryimage\",\"url\":\"https:\/\/dalafarm.vn\/wp-content\/uploads\/2025\/10\/0022-DSCF1919.webp\",\"contentUrl\":\"https:\/\/dalafarm.vn\/wp-content\/uploads\/2025\/10\/0022-DSCF1919.webp\",\"width\":1000,\"height\":1000},{\"@type\":\"BreadcrumbList\",\"@id\":\"https:\/\/dalafarm.vn\/en\/product\/ca-chua-socola\/#breadcrumb\",\"itemListElement\":[{\"@type\":\"ListItem\",\"position\":1,\"name\":\"Home\",\"item\":\"https:\/\/dalafarm.vn\/en\/\"},{\"@type\":\"ListItem\",\"position\":2,\"name\":\"Shop\",\"item\":\"https:\/\/dalafarm.vn\/en\/shop\/\"},{\"@type\":\"ListItem\",\"position\":3,\"name\":\"Chocolate tomatoes 500g\"}]},{\"@type\":\"WebSite\",\"@id\":\"https:\/\/dalafarm.vn\/#website\",\"url\":\"https:\/\/dalafarm.vn\/\",\"name\":\"Rau c\u1ee7 \u0110\u00e0 L\u1ea1t cao c\u1ea5p | Dala Farm - Zero Carbon Farming\",\"description\":\"\",\"potentialAction\":[{\"@type\":\"SearchAction\",\"target\":{\"@type\":\"EntryPoint\",\"urlTemplate\":\"https:\/\/dalafarm.vn\/?s={search_term_string}\"},\"query-input\":{\"@type\":\"PropertyValueSpecification\",\"valueRequired\":true,\"valueName\":\"search_term_string\"}}],\"inLanguage\":\"en-US\"}]}<\/script>\n<!-- \/ Yoast SEO Premium plugin. -->","yoast_head_json":{"title":"Chocolate tomatoes 500g - Rau c\u1ee7 \u0110\u00e0 L\u1ea1t cao c\u1ea5p | Dala Farm - Zero Carbon Farming","robots":{"index":"index","follow":"follow","max-snippet":"max-snippet:-1","max-image-preview":"max-image-preview:large","max-video-preview":"max-video-preview:-1"},"canonical":"https:\/\/dalafarm.vn\/en\/product\/ca-chua-socola\/","og_locale":"en_US","og_type":"article","og_title":"Chocolate tomatoes 500g","og_description":"C\u00f4ng d\u1ee5ng C\u00e0 chua bi socola c\u00f3 c\u00f4ng d\u1ee5ng l\u00e0m \u0111\u1eb9p nh\u01b0: ch\u1ed1ng l\u00e3o h\u00f3a, l\u00e0m da m\u1ecbn m\u00e0ng t\u01b0\u01a1i","og_url":"https:\/\/dalafarm.vn\/en\/product\/ca-chua-socola\/","og_site_name":"Rau c\u1ee7 \u0110\u00e0 L\u1ea1t cao c\u1ea5p | Dala Farm - Zero Carbon Farming","article_modified_time":"2026-03-23T08:07:45+00:00","og_image":[{"width":1000,"height":1000,"url":"https:\/\/dalafarm.vn\/wp-content\/uploads\/2025\/10\/0022-DSCF1919.webp","type":"image\/webp"}],"twitter_card":"summary_large_image","twitter_misc":{"Est. reading time":"2 minutes"},"schema":{"@context":"https:\/\/schema.org","@graph":[{"@type":"WebPage","@id":"https:\/\/dalafarm.vn\/en\/product\/ca-chua-socola\/","url":"https:\/\/dalafarm.vn\/en\/product\/ca-chua-socola\/","name":"Chocolate tomatoes 500g - Rau c\u1ee7 \u0110\u00e0 L\u1ea1t cao c\u1ea5p | Dala Farm - Zero Carbon Farming","isPartOf":{"@id":"https:\/\/dalafarm.vn\/#website"},"primaryImageOfPage":{"@id":"https:\/\/dalafarm.vn\/en\/product\/ca-chua-socola\/#primaryimage"},"image":{"@id":"https:\/\/dalafarm.vn\/en\/product\/ca-chua-socola\/#primaryimage"},"thumbnailUrl":"https:\/\/dalafarm.vn\/wp-content\/uploads\/2025\/10\/0022-DSCF1919.webp","datePublished":"2022-06-14T18:41:13+00:00","dateModified":"2026-03-23T08:07:45+00:00","breadcrumb":{"@id":"https:\/\/dalafarm.vn\/en\/product\/ca-chua-socola\/#breadcrumb"},"inLanguage":"en-US","potentialAction":[{"@type":"ReadAction","target":["https:\/\/dalafarm.vn\/en\/product\/ca-chua-socola\/"]}]},{"@type":"ImageObject","inLanguage":"en-US","@id":"https:\/\/dalafarm.vn\/en\/product\/ca-chua-socola\/#primaryimage","url":"https:\/\/dalafarm.vn\/wp-content\/uploads\/2025\/10\/0022-DSCF1919.webp","contentUrl":"https:\/\/dalafarm.vn\/wp-content\/uploads\/2025\/10\/0022-DSCF1919.webp","width":1000,"height":1000},{"@type":"BreadcrumbList","@id":"https:\/\/dalafarm.vn\/en\/product\/ca-chua-socola\/#breadcrumb","itemListElement":[{"@type":"ListItem","position":1,"name":"Home","item":"https:\/\/dalafarm.vn\/en\/"},{"@type":"ListItem","position":2,"name":"Shop","item":"https:\/\/dalafarm.vn\/en\/shop\/"},{"@type":"ListItem","position":3,"name":"Chocolate tomatoes 500g"}]},{"@type":"WebSite","@id":"https:\/\/dalafarm.vn\/#website","url":"https:\/\/dalafarm.vn\/","name":"Rau c\u1ee7 \u0110\u00e0 L\u1ea1t cao c\u1ea5p | Dala Farm - Zero Carbon Farming","description":"","potentialAction":[{"@type":"SearchAction","target":{"@type":"EntryPoint","urlTemplate":"https:\/\/dalafarm.vn\/?s={search_term_string}"},"query-input":{"@type":"PropertyValueSpecification","valueRequired":true,"valueName":"search_term_string"}}],"inLanguage":"en-US"}]}},"_links":{"self":[{"href":"https:\/\/dalafarm.vn\/en\/wp-json\/wp\/v2\/product\/1746","targetHints":{"allow":["GET"]}}],"collection":[{"href":"https:\/\/dalafarm.vn\/en\/wp-json\/wp\/v2\/product"}],"about":[{"href":"https:\/\/dalafarm.vn\/en\/wp-json\/wp\/v2\/types\/product"}],"replies":[{"embeddable":true,"href":"https:\/\/dalafarm.vn\/en\/wp-json\/wp\/v2\/comments?post=1746"}],"wp:featuredmedia":[{"embeddable":true,"href":"https:\/\/dalafarm.vn\/en\/wp-json\/wp\/v2\/media\/3541"}],"wp:attachment":[{"href":"https:\/\/dalafarm.vn\/en\/wp-json\/wp\/v2\/media?parent=1746"}],"wp:term":[{"taxonomy":"product_brand","embeddable":true,"href":"https:\/\/dalafarm.vn\/en\/wp-json\/wp\/v2\/product_brand?post=1746"},{"taxonomy":"product_cat","embeddable":true,"href":"https:\/\/dalafarm.vn\/en\/wp-json\/wp\/v2\/product_cat?post=1746"},{"taxonomy":"product_tag","embeddable":true,"href":"https:\/\/dalafarm.vn\/en\/wp-json\/wp\/v2\/product_tag?post=1746"}],"curies":[{"name":"wp","href":"https:\/\/api.w.org\/{rel}","templated":true}]}}