{"id":1714,"date":"2022-06-14T18:41:12","date_gmt":"2022-06-14T18:41:12","guid":{"rendered":"https:\/\/dala.farm\/product\/cai-cau-vong\/"},"modified":"2026-03-23T07:35:22","modified_gmt":"2026-03-23T07:35:22","slug":"rainbow-cabbage","status":"publish","type":"product","link":"https:\/\/dalafarm.vn\/en\/product\/rainbow-cabbage\/","title":{"rendered":"Rainbow cabbage 500g"},"content":{"rendered":"<p>C\u1ea3i c\u1ea7u v\u1ed3ng c\u00f2n \u0111\u01b0\u1ee3c g\u1ecdi l\u00e0 silverbeet, rau c\u1ea3i bina, rau bina v\u0129nh vi\u1ec5n, c\u1ea3i cua v\u00e0 mangold. C\u00f9ng v\u1edbi c\u00e1c lo\u1ea1i rau xanh l\u00e1 kh\u00e1c v\u00e0 trong gia \u0111\u00ecnh c\u1ea3i, c\u1ea3 c\u1ea7u v\u1ed3ng ch\u1ee9a h\u00e0m l\u01b0\u1ee3ng nitrat cao, m\u00e0 \u0111\u01b0\u1ee3c khuy\u1ebfn c\u00e1o l\u00e0 gi\u1ea3m huy\u1ebft \u00e1p, gi\u1ea3m l\u01b0\u1ee3ng oxy c\u1ea7n thi\u1ebft trong t\u1eadp luy\u1ec7n v\u00e0 n\u00e2ng cao th\u00e0nh t\u00edch th\u1ec3 thao.<\/p>\n<p>Nh\u1eefng nghi\u00ean c\u1ee9u g\u1ea7n \u0111\u00e2y \u0111\u00e3 ch\u1ec9 ra r\u1eb1ng c\u1ea3i c\u1ea7u v\u1ed3ng c\u00f3 ch\u1ee9a \u00edt nh\u1ea5t 13 ch\u1ea5t ch\u1ed1ng oxy h\u00f3a polyphenol kh\u00e1c nhau, bao g\u1ed3m c\u1ea3 kaempferol, flavonoid b\u1ea3o v\u1ec7 tim m\u1ea1ch \u2013 c\u0169ng \u0111\u01b0\u1ee3c t\u00ecm th\u1ea5y trong b\u00f4ng c\u1ea3i xanh, c\u1ea3i xo\u0103n, d\u00e2u t\u00e2y v\u00e0 c\u00e1c lo\u1ea1i th\u1ef1c ph\u1ea9m kh\u00e1c. Nh\u01b0ng m\u1ed9t trong nh\u1eefng Flavonoid ch\u00ednh trong l\u00e1 c\u1ea3i c\u1ea7u v\u1ed3ng \u0111\u01b0\u1ee3c g\u1ecdi l\u00e0 Acid Syringic. Acid Syringic \u0111\u00e3 nh\u1eadn \u0111\u01b0\u1ee3c nh\u1eefng ch\u00fa \u00fd \u0111\u1eb7c bi\u1ec7t g\u1ea7n \u0111\u00e2y do t\u00ednh ch\u1ea5t \u0111i\u1ec1u ti\u1ebft l\u01b0\u1ee3ng \u0111\u01b0\u1eddng trong m\u00e1u c\u1ee7a n\u00f3. Flavonoid n\u00e0y \u0111\u00e3 \u0111\u01b0\u1ee3c ch\u1ee9ng minh l\u00e0 c\u00f3 th\u1ec3 \u1ee9c ch\u1ebf ho\u1ea1t \u0111\u1ed9ng c\u1ee7a enzyme alpha-glucosidase. Khi Enzyme n\u00e0y b\u1ecb \u1ee9c ch\u1ebf, \u00edt carbohydrate \u0111\u01b0\u1ee3c chia th\u00e0nh c\u00e1c lo\u1ea1i \u0111\u01b0\u1eddng \u0111\u01a1n h\u01a1n v\u00e0 \u0111\u01b0\u1eddng trong m\u00e1u c\u00f3 th\u1ec3 \u1ed5n \u0111\u1ecbnh tr\u1edf l\u1ea1i. N\u00f3 c\u00f3 ngh\u0129a l\u00e0 c\u1ea3i c\u1ea7u v\u1ed3ng v\u1edbi flavonoid phytonutrients c\u00f3 nh\u1eefng l\u1ee3i \u00edch \u0111\u1eb7c bi\u1ec7t \u0111\u1ec3 ki\u1ec3m so\u00e1t l\u01b0\u1ee3ng \u0111\u01b0\u1eddng trong m\u00e1u.<\/p>\n<p>Gi\u1ed1ng nh\u01b0 nh\u1eefng lo\u1ea1i c\u1ea3i kh\u00e1c, c\u1ea3i c\u1ea7u v\u1ed3ng l\u00e0 m\u1ed9t ngu\u1ed3n dinh d\u01b0\u1ee1ng th\u1ef1c v\u1eadt \u0111\u01b0\u1ee3c g\u1ecdi l\u00e0 Betalain (s\u1eafc t\u1ed1 \u0111\u1ecf hay v\u00e0ng). Trong gia \u0111\u00ecnh betalains \u0111\u01b0\u1ee3c t\u00ecm th\u1ea5y ch\u1ea5t m\u00e0u \u0111\u1ecf \u2013 t\u00edm betacyanin c\u0169ng nh\u01b0 s\u1eafc t\u1ed1 v\u00e0ng betaxanthin. C\u1ea3 hai lo\u1ea1i n\u00e0y \u0111\u1ec1u \u0111\u01b0\u1ee3c t\u00ecm th\u1ea5y trong c\u1ea3i c\u1ea7u v\u1ed3ng. Trong th\u00e2n c\u1ee7a c\u1ea3i c\u1ea7u v\u1ed3ng m\u00e0u \u0111\u1ecf \u2013 t\u00edm v\u00e0 c\u00e1c \u0111\u01b0\u1eddng g\u00e2n tr\u00ean l\u00e1, c\u00e1c nh\u00e0 khoa h\u1ecdc \u0111\u00e3 x\u00e1c \u0111\u1ecbnh \u0111\u01b0\u1ee3c \u00edt nh\u1ea5t 9 ch\u1ea5t m\u00e0u betacyanin bao g\u1ed3m: betanin, isobetanin, betanidin, v\u00e0 isobetanidin. Trong th\u00e2n m\u00e0u v\u00e0ng c\u1ee7a c\u1ea3i c\u1ea7u v\u1ed3ng v\u00e0 g\u00e2n l\u00e1, \u00edt nh\u1ea5t 19 ch\u1ea5t betaxanthin \u0111\u01b0\u1ee3c x\u00e1c \u0111\u1ecbnh bao g\u1ed3m: histamine-betaxanthin, alanine-betaxanthin, tyramine-betaxanthin, v\u00e0 3-methoxytyramine-betaxanthin. R\u1ea5t nhi\u1ec1u trong c\u00e1c s\u1eafc t\u1ed1 batalain c\u1ee7a c\u1ea3i c\u1ea7u v\u1ed3ng \u0111\u01b0\u1ee3c ch\u1ec9 ra r\u1eb1ng gi\u00fap ch\u1ed1ng oxy h\u00f3a, ch\u1ed1ng vi\u00eam, v\u00e0 h\u1ed7 tr\u1ee3 th\u1ea3i \u0111\u1ed9c. S\u1ef1 h\u1ed7 tr\u1ee3 th\u1ea3i \u0111\u1ed9c nh\u1edd Betalains bao g\u1ed3m h\u1ed3 tr\u1ee3 c\u1ee7a m\u1ed9t s\u1ed1 b\u01b0\u1edbc \u1edf giai \u0111o\u1ea1n 2 \u0111\u1eb7c bi\u1ec7t quan tr\u1ecdng li\u00ean quan t\u1edbi glutathione. V\u00ec v\u1eady, c\u00f3 th\u1ec3 th\u1ea5y r\u1eb1ng trong tr\u01b0\u1eddng h\u1ee3p c\u1ee7a c\u1ea3i c\u1ea7u v\u1ed3ng, v\u1ebb \u0111\u1eb9p kh\u00f4ng ch\u1ec9 t\u1eeb m\u00e0u s\u1eafc.<\/p>\n","protected":false},"excerpt":{"rendered":"<p>C\u1ea3i c\u1ea7u v\u1ed3ng c\u00f2n \u0111\u01b0\u1ee3c g\u1ecdi l\u00e0 silverbeet, rau c\u1ea3i bina, rau bina v\u0129nh vi\u1ec5n, c\u1ea3i cua v\u00e0 mangold. C\u00f9ng<\/p>\n","protected":false},"featured_media":3255,"comment_status":"closed","ping_status":"closed","template":"","meta":[],"product_brand":[],"product_cat":[101],"product_tag":[],"class_list":{"0":"post-1714","1":"product","2":"type-product","3":"status-publish","4":"has-post-thumbnail","6":"product_cat-vegetables","8":"first","9":"instock","10":"shipping-taxable","11":"purchasable","12":"product-type-simple"},"yoast_head":"<!-- This site is optimized with the Yoast SEO Premium plugin v25.7.1 (Yoast SEO v25.7) - https:\/\/yoast.com\/wordpress\/plugins\/seo\/ -->\n<title>Rainbow cabbage 500g - Rau c\u1ee7 \u0110\u00e0 L\u1ea1t cao c\u1ea5p | Dala Farm - Zero Carbon Farming<\/title>\n<meta name=\"robots\" content=\"index, follow, max-snippet:-1, max-image-preview:large, max-video-preview:-1\" \/>\n<link rel=\"canonical\" href=\"https:\/\/dalafarm.vn\/en\/product\/rainbow-cabbage\/\" \/>\n<meta property=\"og:locale\" content=\"en_US\" \/>\n<meta property=\"og:type\" content=\"article\" \/>\n<meta property=\"og:title\" content=\"Rainbow cabbage 500g\" \/>\n<meta property=\"og:description\" content=\"C\u1ea3i c\u1ea7u v\u1ed3ng c\u00f2n \u0111\u01b0\u1ee3c g\u1ecdi l\u00e0 silverbeet, rau c\u1ea3i bina, rau bina v\u0129nh vi\u1ec5n, c\u1ea3i cua v\u00e0 mangold. C\u00f9ng\" \/>\n<meta property=\"og:url\" content=\"https:\/\/dalafarm.vn\/en\/product\/rainbow-cabbage\/\" \/>\n<meta property=\"og:site_name\" content=\"Rau c\u1ee7 \u0110\u00e0 L\u1ea1t cao c\u1ea5p | Dala Farm - Zero Carbon Farming\" \/>\n<meta property=\"article:modified_time\" content=\"2026-03-23T07:35:22+00:00\" \/>\n<meta property=\"og:image\" content=\"https:\/\/dalafarm.vn\/wp-content\/uploads\/2025\/10\/005-DSCF1568.webp\" \/>\n\t<meta property=\"og:image:width\" content=\"1000\" \/>\n\t<meta property=\"og:image:height\" content=\"1000\" \/>\n\t<meta property=\"og:image:type\" content=\"image\/webp\" \/>\n<meta name=\"twitter:card\" content=\"summary_large_image\" \/>\n<meta name=\"twitter:label1\" content=\"Est. reading time\" \/>\n\t<meta name=\"twitter:data1\" content=\"3 minutes\" \/>\n<script type=\"application\/ld+json\" class=\"yoast-schema-graph\">{\"@context\":\"https:\/\/schema.org\",\"@graph\":[{\"@type\":\"WebPage\",\"@id\":\"https:\/\/dalafarm.vn\/en\/product\/rainbow-cabbage\/\",\"url\":\"https:\/\/dalafarm.vn\/en\/product\/rainbow-cabbage\/\",\"name\":\"Rainbow cabbage 500g - Rau c\u1ee7 \u0110\u00e0 L\u1ea1t cao c\u1ea5p | Dala Farm - Zero Carbon Farming\",\"isPartOf\":{\"@id\":\"https:\/\/dalafarm.vn\/#website\"},\"primaryImageOfPage\":{\"@id\":\"https:\/\/dalafarm.vn\/en\/product\/rainbow-cabbage\/#primaryimage\"},\"image\":{\"@id\":\"https:\/\/dalafarm.vn\/en\/product\/rainbow-cabbage\/#primaryimage\"},\"thumbnailUrl\":\"https:\/\/dalafarm.vn\/wp-content\/uploads\/2025\/10\/005-DSCF1568.webp\",\"datePublished\":\"2022-06-14T18:41:12+00:00\",\"dateModified\":\"2026-03-23T07:35:22+00:00\",\"breadcrumb\":{\"@id\":\"https:\/\/dalafarm.vn\/en\/product\/rainbow-cabbage\/#breadcrumb\"},\"inLanguage\":\"en-US\",\"potentialAction\":[{\"@type\":\"ReadAction\",\"target\":[\"https:\/\/dalafarm.vn\/en\/product\/rainbow-cabbage\/\"]}]},{\"@type\":\"ImageObject\",\"inLanguage\":\"en-US\",\"@id\":\"https:\/\/dalafarm.vn\/en\/product\/rainbow-cabbage\/#primaryimage\",\"url\":\"https:\/\/dalafarm.vn\/wp-content\/uploads\/2025\/10\/005-DSCF1568.webp\",\"contentUrl\":\"https:\/\/dalafarm.vn\/wp-content\/uploads\/2025\/10\/005-DSCF1568.webp\",\"width\":1000,\"height\":1000},{\"@type\":\"BreadcrumbList\",\"@id\":\"https:\/\/dalafarm.vn\/en\/product\/rainbow-cabbage\/#breadcrumb\",\"itemListElement\":[{\"@type\":\"ListItem\",\"position\":1,\"name\":\"Home\",\"item\":\"https:\/\/dalafarm.vn\/en\/\"},{\"@type\":\"ListItem\",\"position\":2,\"name\":\"Shop\",\"item\":\"https:\/\/dalafarm.vn\/en\/shop\/\"},{\"@type\":\"ListItem\",\"position\":3,\"name\":\"Rainbow cabbage 500g\"}]},{\"@type\":\"WebSite\",\"@id\":\"https:\/\/dalafarm.vn\/#website\",\"url\":\"https:\/\/dalafarm.vn\/\",\"name\":\"Rau c\u1ee7 \u0110\u00e0 L\u1ea1t cao c\u1ea5p | Dala Farm - Zero Carbon Farming\",\"description\":\"\",\"potentialAction\":[{\"@type\":\"SearchAction\",\"target\":{\"@type\":\"EntryPoint\",\"urlTemplate\":\"https:\/\/dalafarm.vn\/?s={search_term_string}\"},\"query-input\":{\"@type\":\"PropertyValueSpecification\",\"valueRequired\":true,\"valueName\":\"search_term_string\"}}],\"inLanguage\":\"en-US\"}]}<\/script>\n<!-- \/ Yoast SEO Premium plugin. -->","yoast_head_json":{"title":"Rainbow cabbage 500g - Rau c\u1ee7 \u0110\u00e0 L\u1ea1t cao c\u1ea5p | Dala Farm - Zero Carbon Farming","robots":{"index":"index","follow":"follow","max-snippet":"max-snippet:-1","max-image-preview":"max-image-preview:large","max-video-preview":"max-video-preview:-1"},"canonical":"https:\/\/dalafarm.vn\/en\/product\/rainbow-cabbage\/","og_locale":"en_US","og_type":"article","og_title":"Rainbow cabbage 500g","og_description":"C\u1ea3i c\u1ea7u v\u1ed3ng c\u00f2n \u0111\u01b0\u1ee3c g\u1ecdi l\u00e0 silverbeet, rau c\u1ea3i bina, rau bina v\u0129nh vi\u1ec5n, c\u1ea3i cua v\u00e0 mangold. C\u00f9ng","og_url":"https:\/\/dalafarm.vn\/en\/product\/rainbow-cabbage\/","og_site_name":"Rau c\u1ee7 \u0110\u00e0 L\u1ea1t cao c\u1ea5p | Dala Farm - Zero Carbon Farming","article_modified_time":"2026-03-23T07:35:22+00:00","og_image":[{"width":1000,"height":1000,"url":"https:\/\/dalafarm.vn\/wp-content\/uploads\/2025\/10\/005-DSCF1568.webp","type":"image\/webp"}],"twitter_card":"summary_large_image","twitter_misc":{"Est. reading time":"3 minutes"},"schema":{"@context":"https:\/\/schema.org","@graph":[{"@type":"WebPage","@id":"https:\/\/dalafarm.vn\/en\/product\/rainbow-cabbage\/","url":"https:\/\/dalafarm.vn\/en\/product\/rainbow-cabbage\/","name":"Rainbow cabbage 500g - Rau c\u1ee7 \u0110\u00e0 L\u1ea1t cao c\u1ea5p | Dala Farm - Zero Carbon Farming","isPartOf":{"@id":"https:\/\/dalafarm.vn\/#website"},"primaryImageOfPage":{"@id":"https:\/\/dalafarm.vn\/en\/product\/rainbow-cabbage\/#primaryimage"},"image":{"@id":"https:\/\/dalafarm.vn\/en\/product\/rainbow-cabbage\/#primaryimage"},"thumbnailUrl":"https:\/\/dalafarm.vn\/wp-content\/uploads\/2025\/10\/005-DSCF1568.webp","datePublished":"2022-06-14T18:41:12+00:00","dateModified":"2026-03-23T07:35:22+00:00","breadcrumb":{"@id":"https:\/\/dalafarm.vn\/en\/product\/rainbow-cabbage\/#breadcrumb"},"inLanguage":"en-US","potentialAction":[{"@type":"ReadAction","target":["https:\/\/dalafarm.vn\/en\/product\/rainbow-cabbage\/"]}]},{"@type":"ImageObject","inLanguage":"en-US","@id":"https:\/\/dalafarm.vn\/en\/product\/rainbow-cabbage\/#primaryimage","url":"https:\/\/dalafarm.vn\/wp-content\/uploads\/2025\/10\/005-DSCF1568.webp","contentUrl":"https:\/\/dalafarm.vn\/wp-content\/uploads\/2025\/10\/005-DSCF1568.webp","width":1000,"height":1000},{"@type":"BreadcrumbList","@id":"https:\/\/dalafarm.vn\/en\/product\/rainbow-cabbage\/#breadcrumb","itemListElement":[{"@type":"ListItem","position":1,"name":"Home","item":"https:\/\/dalafarm.vn\/en\/"},{"@type":"ListItem","position":2,"name":"Shop","item":"https:\/\/dalafarm.vn\/en\/shop\/"},{"@type":"ListItem","position":3,"name":"Rainbow cabbage 500g"}]},{"@type":"WebSite","@id":"https:\/\/dalafarm.vn\/#website","url":"https:\/\/dalafarm.vn\/","name":"Rau c\u1ee7 \u0110\u00e0 L\u1ea1t cao c\u1ea5p | Dala Farm - Zero Carbon Farming","description":"","potentialAction":[{"@type":"SearchAction","target":{"@type":"EntryPoint","urlTemplate":"https:\/\/dalafarm.vn\/?s={search_term_string}"},"query-input":{"@type":"PropertyValueSpecification","valueRequired":true,"valueName":"search_term_string"}}],"inLanguage":"en-US"}]}},"_links":{"self":[{"href":"https:\/\/dalafarm.vn\/en\/wp-json\/wp\/v2\/product\/1714","targetHints":{"allow":["GET"]}}],"collection":[{"href":"https:\/\/dalafarm.vn\/en\/wp-json\/wp\/v2\/product"}],"about":[{"href":"https:\/\/dalafarm.vn\/en\/wp-json\/wp\/v2\/types\/product"}],"replies":[{"embeddable":true,"href":"https:\/\/dalafarm.vn\/en\/wp-json\/wp\/v2\/comments?post=1714"}],"wp:featuredmedia":[{"embeddable":true,"href":"https:\/\/dalafarm.vn\/en\/wp-json\/wp\/v2\/media\/3255"}],"wp:attachment":[{"href":"https:\/\/dalafarm.vn\/en\/wp-json\/wp\/v2\/media?parent=1714"}],"wp:term":[{"taxonomy":"product_brand","embeddable":true,"href":"https:\/\/dalafarm.vn\/en\/wp-json\/wp\/v2\/product_brand?post=1714"},{"taxonomy":"product_cat","embeddable":true,"href":"https:\/\/dalafarm.vn\/en\/wp-json\/wp\/v2\/product_cat?post=1714"},{"taxonomy":"product_tag","embeddable":true,"href":"https:\/\/dalafarm.vn\/en\/wp-json\/wp\/v2\/product_tag?post=1714"}],"curies":[{"name":"wp","href":"https:\/\/api.w.org\/{rel}","templated":true}]}}