{"id":1663,"date":"2022-06-14T18:40:50","date_gmt":"2022-06-14T18:40:50","guid":{"rendered":"https:\/\/dala.farm\/product\/bi-ngoi-vang\/"},"modified":"2026-03-29T12:47:19","modified_gmt":"2026-03-29T12:47:19","slug":"golden-pumpkin","status":"publish","type":"product","link":"https:\/\/dalafarm.vn\/en\/product\/golden-pumpkin\/","title":{"rendered":"B\u00ed Ng\u00f2i V\u00e0ng"},"content":{"rendered":"<p>Golden Gout has high nutritional value. Tan Tai Food in addition to <strong><a href=\"https:\/\/dalafood.vn\/cung-cap-rau-cu-qua-cho-sieu-thi-thuc-pham-sach\/\">wholesale supply of high-quality vegetables<\/a> <\/strong>, there is also yellow zucchini. Let&#8217;s learn more about this fruit with Tan Tai Fruit and Vegetable Company! <\/p>\n<p>Although belonging to the same gourd family, yellow zucchini has extremely eye-catching shapes, brilliant yellow. It makes an impression on everyone at first sight. It is an extremely easy plant to grow and usually gives high yields, few pests and diseases. Moreover, it contains many nutrients that have many positive effects on human health.<\/p>\n<h3>What makes yellow zucchini attractive<\/h3>\n<p><strong>Golden Pumpkin <\/strong> has a round and long body with an extremely eye-catching yellow outer shell. The tree grows fast, resists pests and diseases well. It is easy to adapt to many climatic conditions. The highlight is that the inner flesh of the squash is usually thick, with a bright yellow or cream color that is also very beautiful. When processed into dishes, it will make the color of the dish more attractive. Thanks to the growth characteristics that <strong>Golden Scurd <\/strong>appeared in many countries. Including Vietnam, and becoming an extremely popular unique plant variety.<\/p>\n<p>Scientific studies also show that <strong>Golden Surd <\/strong>contains a lot of essential nutrients, good for the body, helping to promote health effectively such as minerals (K, Mg, Ca, Fe, Folate, Zn&#8230;), vitamins (vitamins of group B, vitamin A, vitamin C, K and beta-carotene). Along with that, the fiber content is very abundant to help prevent constipation effectively. Therefore, mothers often include this type of squash in the<strong> daily menu of their children.<\/strong><\/p>\n<h3>Health benefits of using yellow zucchini<\/h3>\n<ul>\n<li>\n<h4><strong>Support digestion:<\/strong><\/h4>\n<\/li>\n<\/ul>\n<p>As mentioned above, thanks to its abundant fiber content, <strong>Golden Secret <\/strong> can help support the activity of the digestive tract extremely well. Reduce symptoms of constipation, bloating, help the body absorb nutrients much more effectively.<\/p>\n<ul>\n<li>\n<h4><strong>Reduce the risk of cardiovascular diseases:<\/strong><\/h4>\n<\/li>\n<\/ul>\n<p>In addition to supporting digestion, fiber is also effective in helping to eliminate bad cholesterol. Through that, it helps prevent many dangerous cardiovascular diseases such as myocardial infarction, stroke&#8230; Bringing you a healthier heart.<\/p>\n<ul>\n<li>\n<h4><strong>Cancer Prevention:<\/strong><\/h4>\n<\/li>\n<\/ul>\n<p>Cancer is the disease of the times and always the biggest health threat to all of us. Therefore, each person should be more conscious in cancer prevention for themselves and their family members. Putting <strong>Golden Secret <\/strong> into the menu reasonably is also an effective anti-cancer solution. Accordingly, this type of squash contains ascorbic acid and carotene, which are very good antioxidants, helping to eliminate free radicals that can cause cancer.<\/p>\n<ul>\n<li>\n<h4><strong>Provide abundant energy:<\/strong><\/h4>\n<\/li>\n<\/ul>\n<p>If your body is often weak and tired, you should add zucchini to your meals. The content of Fe in squash can help enhance blood circulation, help blood circulate well, relieve fatigue and good for those with anemia.<\/p>\n<ul>\n<li>\n<h4><strong>Good for the kidneys:<\/strong><\/h4>\n<\/li>\n<\/ul>\n<p>Science has proven that eating <strong>Golden Surd <\/strong> can help prevent kidney stones, improve kidney function, and provide good support for this part of the body.<\/p>\n<ul>\n<li>\n<h4><strong>Smooth skin, healthy hair:<\/strong><\/h4>\n<\/li>\n<\/ul>\n<p>With the abundant vitamins and minerals that we mentioned above, it is certain that eating zucchini will help you take better care of the beauty of your skin and hair. Not only making hair stronger, skin smoother and brighter, antioxidants in zucchini will help anti-aging extremely effectively, helping women always maintain their youthful features.<\/p>\n<h3><strong>What is golden zucchini made of? Does yellow zucchini need to be peeled? <\/strong><\/h3>\n<p>Many readers send letters to Tan Tai to ask about these 2 issues, in this article. Food will share its understanding with readers.<\/p>\n<h4><strong>Does yellow zucchini need to be peeled before processing? <\/strong><\/h4>\n<p>The question is being interested by many readers. Due to the characteristics of <span class=\"ILfuVd\"><span class=\"hgKElc\"><b>B zucchini<\/b> is very tasty, <b>has<\/b> fresh taste and ripens quickly when processed. If you steam cooked <b>skimp<\/b>, you can <b> use a spoon to finely grind the <b>skerd<\/b> meat and let your baby enjoy. &#8230; Therefore, you don&#8217;t <b>need<\/b> to <b>peel the pumpkin<\/b> before preparing dishes for your baby. The <b>shell<\/b> layer of the fruit is quickly soft, easily mashed when cooked.<\/span><\/span><\/p>\n<h4><strong>The second question is what is yellow zucchini for? <\/strong><\/h4>\n<p>Ok. Tan Tai Food would like to share with you 9 delicious dishes with yellow zucchini, combined to feed your baby.<\/p>\n<h5><strong>1. Stir-fried zucchini with fresh mushrooms<\/strong><\/h5>\n<div id=\"recipe__ingredients\" class=\"recipe__ingredients clearfix\">\n<h6>Ingredients<\/h6>\n<p>\u2013 2 zucchini<\/p>\n<p>\u2013 1 pack of mushrooms, can use straw mushrooms, or abalone mushrooms<\/p>\n<p>\u2013 Green onion, fish sauce, salt, sugar or seasoning, pepper<\/p>\n<p>\u2013 Garlic.<\/p>\n<\/div>\n<div><\/div>\n<div class=\"right recipe__directions-wrapper\">\n<h6>Instructions<\/h6>\n<div id=\"article_content\" class=\"recipe__directions\">\n<p><span style=\"font-family: Verdana, Geneva, sans-serif;\">\u2013 Remove fresh mushrooms, rinse with diluted salt water, put in the basket to drain.<\/span><span style=\"font-family: Verdana, Geneva, sans-serif;\"><\/p>\n<p><\/span><\/p>\n<p><span style=\"font-family: Verdana, Geneva, sans-serif;\">\u2013 Zucchini washed, halved, sliced to taste.<\/span><span style=\"font-family: Verdana, Geneva, sans-serif;\"><\/p>\n<p><\/span><\/p>\n<p><span style=\"font-family: Verdana, Geneva, sans-serif;\">\u2013 Heat two small spoons of cooking oil, fry fragrant garlic, pour in zucchini and stir-fry quickly, high heat so that the squash remains green.<\/span><span style=\"font-family: Verdana, Geneva, sans-serif;\"><\/p>\n<p><\/span><\/p>\n<p><span style=\"font-family: Verdana, Geneva, sans-serif;\">\u2013 Season the pan with three small tablespoons of fish sauce, half a small spoonful of sugar, or half a tablespoon of seasoning, stir well. If cooking vegetarian, you replace the amount of fish sauce, seasoning with soy sauce and MSG.<\/span><span style=\"font-family: Verdana, Geneva, sans-serif;\"><br \/>\n<\/span><\/p>\n<p><span style=\"font-family: Verdana, Geneva, sans-serif;\">\u2013 Next, stir-fry the mushrooms with the squash, stir well, boil until the mushrooms are cooked, season to taste, turn off the heat, sprinkle finely chopped green onions and a little pepper on the surface of the mushrooms and squash. Finally scoop squash and mushrooms on a plate, serve with rice.<\/span><span style=\"font-family: Verdana, Geneva, sans-serif;\"><\/p>\n<p><\/span><\/p>\n<p><span style=\"font-family: Verdana, Geneva, sans-serif;\">Simple stir-fried squash with mushrooms, with a natural sweetness, makes your meal more delicious, <\/span><span style=\"font-family: Verdana, Geneva, sans-serif;\">don&#8217;t get tired of a lot of fish anymore. Can be used as a savory dish or vegetarian dish, both delicious.<\/span><\/p>\n<\/div>\n<\/div>\n<h5 class=\"entry-title\"><strong>2. Fried egg with squash<\/strong><\/h5>\n<div id=\"recipe__ingredients\" class=\"recipe__ingredients clearfix\">\n<h6>Ingredients<\/h6>\n<p>\u2013 1 sitting squash<\/p>\n<p>\u2013 3 chicken eggs<\/p>\n<p>\u2013 Green onion, salt, fish sauce, pepper and seasoning<\/p>\n<p>\u2013 Cooking oil and dried onions.<\/p>\n<\/div>\n<div class=\"right recipe__directions-wrapper\">\n<h6>Instructions<\/h6>\n<div id=\"article_content\" class=\"recipe__directions\">\n<p>\u2013 Wash the squash, cut it in half, remove the intestines, cut it into small strips, mix a little salt into the zucchini, mix well for about 15 minutes, then use your hands to drain the water.<\/p>\n<p>\u2013 Beat the eggs into a bowl, add the crushed onion and the finely chopped green onion, season with a small spoonful of salt, a small spoonful of fish sauce, half a small spoonful of seasoning and a little pepper, beat well.<\/p>\n<p>\u2013 Mix the squash into the egg bowl.<\/p>\n<p>\u2013 Heat the cooking oil, fry the dried onions, pour the eggs into the golden frying pan, cover the pot for about 5-7 minutes on each side, until the eggs are cooked on each side, then turn the other side, continue frying until the eggs are completely cooked.<\/p>\n<p>\u2013 Finally, pour the fried eggs onto the plate, when using, you can cut the eggs into slices to eat.<\/p>\n<h5 class=\"entry-title\"><strong>3. Braised fish with squash<\/strong><\/h5>\n<div id=\"recipe__ingredients\" class=\"recipe__ingredients clearfix\">\n<h6>Ingredients<\/h6>\n<p>\u2013 1 long snake fish or can use snake fish<\/p>\n<p>\u2013 1-2 squash to eat<\/p>\n<p>\u2013 Salt, sugar, fish sauce, dried onion, cooking oil, chili, paprika (if you don&#8217;t eat spicy, you can use colored chili)<\/p>\n<p>\u2013 Green onions.<\/p>\n<\/div>\n<div class=\"right recipe__directions-wrapper\">\n<h6>Instructions<\/h6>\n<div id=\"article_content\" class=\"recipe__directions\">\n<p>\u2013 Clean the fish, cut into short pieces to eat, wash, put the fish in a marinade bowl in a small spoonful of salt, marinate for about 30 minutes.<\/p>\n<p>\u2013 Squash is washed, peeled, and sliced.<\/p>\n<p>\u2013 Put fish, chili peppers, a little paprika, two tablespoons of fish sauce, two tablespoons of sugar, finely chopped dried onions, a small spoonful of cooking oil.<\/p>\n<p>\u2013 Put the braised fish pot on the stove over high heat to boil for about 5 minutes, then simmer again.<\/p>\n<p>\u2013 Boil for about 10 more minutes, then put the squash in and boil it, shake it well with the handle of the fish pot and when it boils, the squash will come out of water.<\/p>\n<p>\u2013 During the boiling process, season to taste according to taste, continue to boil for about 25-30 minutes or until you taste the pumpkin and fish to taste, then turn off the stove, sprinkle finely chopped green onions on the surface, scoop onto a plate to make a salty dish to eat with rice.<\/p>\n<h5><strong>4. Fried Squash with Pork to Lose Weight Eat Clean<\/strong><\/h5>\n<p>Anyone who intends to lose weight, I think they should eat zucchini in the evening like this. Make sure you&#8217;re full until the evening so you don&#8217;t have to worry about eating badly hehe. Don&#8217;t worry, this dish is less than 250 calories. Have a light dinner.<\/p>\n<section id=\"ingredients\" class=\"ingredients-container document__section border-b border-t border-quaternary bg-pure-white\">\n<div class=\"document__title-container\">\n<h6 class=\"text-cookpad-24 font-extrabold\"><strong>Ingredients<\/strong><\/h6>\n<div class=\"shrink-xs text-tertiary\"><\/div>\n<\/div>\n<div class=\"ingredient-list\">\n<ol class=\"list-unstyled text-cookpad-18 divide-y\" dir=\"auto\" data-target=\"dir.auto\">\n<li id=\"ingredient_26284708\" class=\"ingredient py-1 border-quaternary border-dashed\">\n<div><bdi class=\"ingredient__quantity\">1\/2 fruit<\/bdi> zucchini<\/div>\n<\/li>\n<li id=\"ingredient_26284709\" class=\"ingredient py-1 border-quaternary border-dashed\">\n<div><bdi class=\"ingredient__quantity\">1\/2 fruit<\/bdi> yellow zucchini<\/div>\n<\/li>\n<li id=\"ingredient_26284710\" class=\"ingredient py-1 border-quaternary border-dashed\">\n<div><bdi class=\"ingredient__quantity\">A few slices of <\/bdi> pork<\/div>\n<\/li>\n<li id=\"ingredient_26284711\" class=\"ingredient py-1 border-quaternary border-dashed\">\n<div><bdi class=\"ingredient__quantity\">1 small pinch<\/bdi> lettuce (I use Japanese salad so it&#8217;s purple)<\/div>\n<\/li>\n<li id=\"ingredient_26284712\" class=\"ingredient py-1 border-quaternary border-dashed\">\n<div><bdi class=\"ingredient__quantity\">1\/2<\/bdi> onion<\/div>\n<\/li>\n<li id=\"ingredient_26284713\" class=\"ingredient py-1 border-quaternary border-dashed\">\n<div><bdi class=\"ingredient__quantity\">1 little<\/bdi> kimchi<\/div>\n<\/li>\n<li id=\"ingredient_26284714\" class=\"ingredient py-1 border-quaternary border-dashed\">\n<div><bdi class=\"ingredient__quantity\">A few cloves of <\/bdi>garlic<\/div>\n<\/li>\n<li id=\"ingredient_26284715\" class=\"ingredient py-1 border-quaternary border-dashed\">\n<div><bdi class=\"ingredient__quantity\">1 tablespoon<\/bdi> soy sauce<\/div>\n<\/li>\n<li id=\"ingredient_26284716\" class=\"ingredient py-1 border-quaternary border-dashed\">\n<div><bdi class=\"ingredient__quantity\">1 tablespoon<\/bdi>Korean chili sauce<\/div>\n<\/li>\n<li id=\"ingredient_26284717\" class=\"ingredient py-1 border-quaternary border-dashed\">\n<div><bdi class=\"ingredient__quantity\">1\/2 tablespoon<\/bdi> Tam Duc chili sauce<\/div>\n<\/li>\n<li id=\"ingredient_26284718\" class=\"ingredient py-1 border-quaternary border-dashed\">\n<div><bdi class=\"ingredient__quantity\">1 little<\/bdi> spend<\/div>\n<\/li>\n<li id=\"ingredient_26284719\" class=\"ingredient py-1 border-quaternary border-dashed\">\n<div><bdi class=\"ingredient__quantity\">1 little<\/bdi> lemon<\/div>\n<\/li>\n<li id=\"ingredient_26284720\" class=\"ingredient py-1 border-quaternary border-dashed\">\n<div><bdi class=\"ingredient__quantity\">1 little<\/bdi> honey<\/div>\n<\/li>\n<li id=\"ingredient_26284721\" class=\"ingredient py-1 border-quaternary border-dashed\">\n<div><bdi class=\"ingredient__quantity\">1\/2 tablespoon<\/bdi> pure coconut water<\/div>\n<\/li>\n<li id=\"ingredient_26284722\" class=\"ingredient py-1 border-quaternary border-dashed\">\n<div><bdi class=\"ingredient__quantity\">1-2 tablespoons<\/bdi> olive oil<\/div>\n<\/li>\n<\/ol>\n<\/div>\n<\/section>\n<section id=\"steps\" class=\"steps-container document__section bg-pure-white\">\n<div class=\"document__title-container\">\n<h6 class=\"text-cookpad-24 font-extrabold\"><strong>Steps<\/strong><\/h6>\n<\/div>\n<ol class=\"numbered-list\" dir=\"auto\" data-target=\"dir.auto\">\n<li id=\"step_17826582\" class=\"step numbered-list__item\" dir=\"auto\" data-target=\"dir.auto\">\n<div class=\"numbered-list__contents\">\n<div class=\"text-cookpad-18\">\n<div class=\"prose\">\n<div data-dir-attribute=\"auto\">\n<p class=\"mb-2 inline\">Wash zucchini, cut into pieces to eat. The pork is prepared and then cut to taste. Washed lettuce. Chopped garlic. Onions cut into pieces to taste.<\/p>\n<\/div>\n<\/div>\n<\/div>\n<\/div>\n<\/li>\n<li id=\"step_17826583\" class=\"step numbered-list__item\" dir=\"auto\" data-target=\"dir.auto\">\n<div class=\"numbered-list__contents\">\n<div class=\"text-cookpad-18\">\n<div class=\"prose\">\n<div data-dir-attribute=\"auto\">\n<p class=\"mb-2 inline\">Put chili sauce, soy sauce, pepper, lemon, honey, minced garlic, coconut water, olive oil into a small cup and mix well. Put the pork in the marinade for about 15-30 minutes in the refrigerator to soak up the spices (make it in advance for convenience).<\/p>\n<\/div>\n<\/div>\n<\/div>\n<\/div>\n<\/li>\n<li id=\"step_17826584\" class=\"step numbered-list__item\" dir=\"auto\" data-target=\"dir.auto\">\n<div class=\"numbered-list__contents\">\n<div class=\"text-cookpad-18\">\n<div class=\"prose\">\n<div data-dir-attribute=\"auto\">\n<p class=\"mb-2 inline\">Put on the pan, turn on medium heat. Put the meat in the pan. Then put the zucchini in. Pour all the meat marinade sauce into it, add a little warm water to cook the zucchini quickly. Turn the heat higher and cook for a few more minutes and then turn off the stove.<\/p>\n<\/div>\n<\/div>\n<\/div>\n<\/div>\n<\/li>\n<li id=\"step_17826585\" class=\"step numbered-list__item\" dir=\"auto\" data-target=\"dir.auto\">\n<div class=\"numbered-list__contents\">\n<div class=\"text-cookpad-18\">\n<div class=\"prose\">\n<div data-dir-attribute=\"auto\">\n<p class=\"mb-2 inline\">Play to disk. Decorate as you like. You can sprinkle a few more peanuts, almonds, walnuts&#8230; for deliciousness. Let&#8217;s enjoy! <\/p>\n<\/div>\n<\/div>\n<\/div>\n<\/div>\n<\/li>\n<\/ol>\n<h5><strong>5. Yellow Pumpkin Soup<\/strong><\/h5>\n<h6><strong>Prepare ingredients:<\/strong><\/h6>\n<ul>\n<li><strong>Golden Gob: <\/strong>1 fruit<\/li>\n<li>Ground shrimp: 200gr<\/li>\n<li>Spice<\/li>\n<li>Peppete<\/li>\n<li>Sallions<\/li>\n<\/ul>\n<h6><strong>How to prepare:<\/strong><\/h6>\n<ul>\n<li>Pre-process shrimp, wash and crush<\/li>\n<li>Sell washed, peeled and cut into pieces<\/li>\n<li>Fry the dried onion and then add the shrimp and stir-fry until the shrimp is cooked<\/li>\n<li>Next, put about 2 cups of filtered water into a pot, bring it to a boil, season to taste<\/li>\n<li>When the soup is boiling, add the squash<\/li>\n<li>Wait until the soup boils again, you can turn off the stove, scoop it into a bowl and decorate with more pepper and onions<\/li>\n<\/ul>\n<h5><strong>6. Grilled Golden Zucchini<\/strong><\/h5>\n<h6><strong>Prepare ingredients:<\/strong><\/h6>\n<ul>\n<li><strong>Golden Scormish: <\/strong>4 fruits<\/li>\n<li>Cooling oil: 1\/3 cup<\/li>\n<li>Lemon: 1 fruit<\/li>\n<li>Garlic, paprika, salt and pepper<\/li>\n<li>Meltut<\/li>\n<\/ul>\n<h6><strong>How to prepare:<\/strong><\/h6>\n<ul>\n<li>Pre-processed zucchini, thinly sliced lengthwise<\/li>\n<li>Table oil mixed with garlic, paprika, salt and pepper and lemon juice to form a sauce mixture<\/li>\n<li>Bring each slice of squash evenly through the above mixture and arrange it on the grill<\/li>\n<li>Bast each pumpkin blister for about 3 &#8211; 4 minutes<\/li>\n<li>It is recommended to spread more sauce mixture on the squash during the baking process<\/li>\n<li>After baking, arrange the squash on a plate, put some mint leaves on the surface to decorate.<\/li>\n<\/ul>\n<h5><strong>7. Pureed zucchini for babies to eat<\/strong><\/h5>\n<p>Note: Time to feed your baby zucchini. You can let your baby practice eating zucchini when he is about 6 months old.<\/p>\n<p>Wash zucchini, cut off the head, tail, cut into thin slices. Next, put the zucchini in the pot, steam for a few minutes, until the squash is soft. If not steamed, you can use boiling\u2026<\/p>\n","protected":false},"excerpt":{"rendered":"<p>B\u00ed Ng\u00f2i V\u00e0ng<\/p>\n","protected":false},"featured_media":1664,"comment_status":"closed","ping_status":"closed","template":"","meta":[],"product_brand":[],"product_cat":[104],"product_tag":[],"class_list":{"0":"post-1663","1":"product","2":"type-product","3":"status-publish","4":"has-post-thumbnail","6":"product_cat-fruit","8":"first","9":"outofstock","10":"shipping-taxable","11":"product-type-simple"},"yoast_head":"<!-- This site is optimized with the Yoast SEO Premium plugin v25.7.1 (Yoast SEO v25.7) - https:\/\/yoast.com\/wordpress\/plugins\/seo\/ -->\n<title>B\u00ed Ng\u00f2i V\u00e0ng - Rau c\u1ee7 \u0110\u00e0 L\u1ea1t cao c\u1ea5p | Dala Farm - Zero Carbon Farming<\/title>\n<meta name=\"robots\" content=\"index, follow, max-snippet:-1, max-image-preview:large, max-video-preview:-1\" \/>\n<link rel=\"canonical\" href=\"https:\/\/dalafarm.vn\/en\/product\/golden-pumpkin\/\" \/>\n<meta property=\"og:locale\" content=\"en_US\" \/>\n<meta property=\"og:type\" content=\"article\" \/>\n<meta property=\"og:title\" content=\"B\u00ed Ng\u00f2i V\u00e0ng\" \/>\n<meta property=\"og:description\" content=\"B\u00ed Ng\u00f2i V\u00e0ng\" \/>\n<meta property=\"og:url\" content=\"https:\/\/dalafarm.vn\/en\/product\/golden-pumpkin\/\" \/>\n<meta property=\"og:site_name\" content=\"Rau c\u1ee7 \u0110\u00e0 L\u1ea1t cao c\u1ea5p | Dala Farm - Zero Carbon Farming\" \/>\n<meta property=\"article:modified_time\" content=\"2026-03-29T12:47:19+00:00\" \/>\n<meta property=\"og:image\" content=\"https:\/\/dalafarm.vn\/wp-content\/uploads\/2025\/07\/bi-ngoi-vang.png\" \/>\n\t<meta property=\"og:image:width\" content=\"500\" \/>\n\t<meta property=\"og:image:height\" content=\"500\" \/>\n\t<meta property=\"og:image:type\" content=\"image\/png\" \/>\n<meta name=\"twitter:card\" content=\"summary_large_image\" \/>\n<meta name=\"twitter:label1\" content=\"Est. reading time\" \/>\n\t<meta name=\"twitter:data1\" content=\"9 minutes\" \/>\n<script type=\"application\/ld+json\" class=\"yoast-schema-graph\">{\"@context\":\"https:\/\/schema.org\",\"@graph\":[{\"@type\":\"WebPage\",\"@id\":\"https:\/\/dalafarm.vn\/en\/product\/golden-pumpkin\/\",\"url\":\"https:\/\/dalafarm.vn\/en\/product\/golden-pumpkin\/\",\"name\":\"B\u00ed Ng\u00f2i V\u00e0ng - Rau c\u1ee7 \u0110\u00e0 L\u1ea1t cao c\u1ea5p | Dala Farm - Zero Carbon Farming\",\"isPartOf\":{\"@id\":\"https:\/\/dalafarm.vn\/#website\"},\"primaryImageOfPage\":{\"@id\":\"https:\/\/dalafarm.vn\/en\/product\/golden-pumpkin\/#primaryimage\"},\"image\":{\"@id\":\"https:\/\/dalafarm.vn\/en\/product\/golden-pumpkin\/#primaryimage\"},\"thumbnailUrl\":\"https:\/\/dalafarm.vn\/wp-content\/uploads\/2025\/07\/bi-ngoi-vang.png\",\"datePublished\":\"2022-06-14T18:40:50+00:00\",\"dateModified\":\"2026-03-29T12:47:19+00:00\",\"breadcrumb\":{\"@id\":\"https:\/\/dalafarm.vn\/en\/product\/golden-pumpkin\/#breadcrumb\"},\"inLanguage\":\"en-US\",\"potentialAction\":[{\"@type\":\"ReadAction\",\"target\":[\"https:\/\/dalafarm.vn\/en\/product\/golden-pumpkin\/\"]}]},{\"@type\":\"ImageObject\",\"inLanguage\":\"en-US\",\"@id\":\"https:\/\/dalafarm.vn\/en\/product\/golden-pumpkin\/#primaryimage\",\"url\":\"https:\/\/dalafarm.vn\/wp-content\/uploads\/2025\/07\/bi-ngoi-vang.png\",\"contentUrl\":\"https:\/\/dalafarm.vn\/wp-content\/uploads\/2025\/07\/bi-ngoi-vang.png\",\"width\":500,\"height\":500},{\"@type\":\"BreadcrumbList\",\"@id\":\"https:\/\/dalafarm.vn\/en\/product\/golden-pumpkin\/#breadcrumb\",\"itemListElement\":[{\"@type\":\"ListItem\",\"position\":1,\"name\":\"Home\",\"item\":\"https:\/\/dalafarm.vn\/en\/\"},{\"@type\":\"ListItem\",\"position\":2,\"name\":\"Shop\",\"item\":\"https:\/\/dalafarm.vn\/en\/shop\/\"},{\"@type\":\"ListItem\",\"position\":3,\"name\":\"B\u00ed Ng\u00f2i V\u00e0ng\"}]},{\"@type\":\"WebSite\",\"@id\":\"https:\/\/dalafarm.vn\/#website\",\"url\":\"https:\/\/dalafarm.vn\/\",\"name\":\"Rau c\u1ee7 \u0110\u00e0 L\u1ea1t cao c\u1ea5p | Dala Farm - Zero Carbon Farming\",\"description\":\"\",\"potentialAction\":[{\"@type\":\"SearchAction\",\"target\":{\"@type\":\"EntryPoint\",\"urlTemplate\":\"https:\/\/dalafarm.vn\/?s={search_term_string}\"},\"query-input\":{\"@type\":\"PropertyValueSpecification\",\"valueRequired\":true,\"valueName\":\"search_term_string\"}}],\"inLanguage\":\"en-US\"}]}<\/script>\n<!-- \/ Yoast SEO Premium plugin. -->","yoast_head_json":{"title":"B\u00ed Ng\u00f2i V\u00e0ng - Rau c\u1ee7 \u0110\u00e0 L\u1ea1t cao c\u1ea5p | Dala Farm - Zero Carbon Farming","robots":{"index":"index","follow":"follow","max-snippet":"max-snippet:-1","max-image-preview":"max-image-preview:large","max-video-preview":"max-video-preview:-1"},"canonical":"https:\/\/dalafarm.vn\/en\/product\/golden-pumpkin\/","og_locale":"en_US","og_type":"article","og_title":"B\u00ed Ng\u00f2i V\u00e0ng","og_description":"B\u00ed Ng\u00f2i V\u00e0ng","og_url":"https:\/\/dalafarm.vn\/en\/product\/golden-pumpkin\/","og_site_name":"Rau c\u1ee7 \u0110\u00e0 L\u1ea1t cao c\u1ea5p | Dala Farm - Zero Carbon Farming","article_modified_time":"2026-03-29T12:47:19+00:00","og_image":[{"width":500,"height":500,"url":"https:\/\/dalafarm.vn\/wp-content\/uploads\/2025\/07\/bi-ngoi-vang.png","type":"image\/png"}],"twitter_card":"summary_large_image","twitter_misc":{"Est. reading time":"9 minutes"},"schema":{"@context":"https:\/\/schema.org","@graph":[{"@type":"WebPage","@id":"https:\/\/dalafarm.vn\/en\/product\/golden-pumpkin\/","url":"https:\/\/dalafarm.vn\/en\/product\/golden-pumpkin\/","name":"B\u00ed Ng\u00f2i V\u00e0ng - Rau c\u1ee7 \u0110\u00e0 L\u1ea1t cao c\u1ea5p | Dala Farm - Zero Carbon Farming","isPartOf":{"@id":"https:\/\/dalafarm.vn\/#website"},"primaryImageOfPage":{"@id":"https:\/\/dalafarm.vn\/en\/product\/golden-pumpkin\/#primaryimage"},"image":{"@id":"https:\/\/dalafarm.vn\/en\/product\/golden-pumpkin\/#primaryimage"},"thumbnailUrl":"https:\/\/dalafarm.vn\/wp-content\/uploads\/2025\/07\/bi-ngoi-vang.png","datePublished":"2022-06-14T18:40:50+00:00","dateModified":"2026-03-29T12:47:19+00:00","breadcrumb":{"@id":"https:\/\/dalafarm.vn\/en\/product\/golden-pumpkin\/#breadcrumb"},"inLanguage":"en-US","potentialAction":[{"@type":"ReadAction","target":["https:\/\/dalafarm.vn\/en\/product\/golden-pumpkin\/"]}]},{"@type":"ImageObject","inLanguage":"en-US","@id":"https:\/\/dalafarm.vn\/en\/product\/golden-pumpkin\/#primaryimage","url":"https:\/\/dalafarm.vn\/wp-content\/uploads\/2025\/07\/bi-ngoi-vang.png","contentUrl":"https:\/\/dalafarm.vn\/wp-content\/uploads\/2025\/07\/bi-ngoi-vang.png","width":500,"height":500},{"@type":"BreadcrumbList","@id":"https:\/\/dalafarm.vn\/en\/product\/golden-pumpkin\/#breadcrumb","itemListElement":[{"@type":"ListItem","position":1,"name":"Home","item":"https:\/\/dalafarm.vn\/en\/"},{"@type":"ListItem","position":2,"name":"Shop","item":"https:\/\/dalafarm.vn\/en\/shop\/"},{"@type":"ListItem","position":3,"name":"B\u00ed Ng\u00f2i V\u00e0ng"}]},{"@type":"WebSite","@id":"https:\/\/dalafarm.vn\/#website","url":"https:\/\/dalafarm.vn\/","name":"Rau c\u1ee7 \u0110\u00e0 L\u1ea1t cao c\u1ea5p | Dala Farm - Zero Carbon Farming","description":"","potentialAction":[{"@type":"SearchAction","target":{"@type":"EntryPoint","urlTemplate":"https:\/\/dalafarm.vn\/?s={search_term_string}"},"query-input":{"@type":"PropertyValueSpecification","valueRequired":true,"valueName":"search_term_string"}}],"inLanguage":"en-US"}]}},"_links":{"self":[{"href":"https:\/\/dalafarm.vn\/en\/wp-json\/wp\/v2\/product\/1663","targetHints":{"allow":["GET"]}}],"collection":[{"href":"https:\/\/dalafarm.vn\/en\/wp-json\/wp\/v2\/product"}],"about":[{"href":"https:\/\/dalafarm.vn\/en\/wp-json\/wp\/v2\/types\/product"}],"replies":[{"embeddable":true,"href":"https:\/\/dalafarm.vn\/en\/wp-json\/wp\/v2\/comments?post=1663"}],"wp:featuredmedia":[{"embeddable":true,"href":"https:\/\/dalafarm.vn\/en\/wp-json\/wp\/v2\/media\/1664"}],"wp:attachment":[{"href":"https:\/\/dalafarm.vn\/en\/wp-json\/wp\/v2\/media?parent=1663"}],"wp:term":[{"taxonomy":"product_brand","embeddable":true,"href":"https:\/\/dalafarm.vn\/en\/wp-json\/wp\/v2\/product_brand?post=1663"},{"taxonomy":"product_cat","embeddable":true,"href":"https:\/\/dalafarm.vn\/en\/wp-json\/wp\/v2\/product_cat?post=1663"},{"taxonomy":"product_tag","embeddable":true,"href":"https:\/\/dalafarm.vn\/en\/wp-json\/wp\/v2\/product_tag?post=1663"}],"curies":[{"name":"wp","href":"https:\/\/api.w.org\/{rel}","templated":true}]}}